{"id":17011,"date":"2020-12-16T12:14:07","date_gmt":"2020-12-16T11:14:07","guid":{"rendered":"https:\/\/dingac-skaramuca.hr\/?post_type=product&#038;p=17011"},"modified":"2022-11-29T13:09:34","modified_gmt":"2022-11-29T12:09:34","slug":"plavac-elegance-i-posip-elegance","status":"publish","type":"product","link":"https:\/\/dingac-skaramuca.hr\/en\/product\/plavac-elegance-i-posip-elegance\/","title":{"rendered":"Plavac Elegance i Po\u0161ip Elegance"},"content":{"rendered":"<p><span><em>The stated prices are valid at the time of ordering. All prices include VAT and feedback Packaging waste disposal fee.<\/em><\/span><\/p>\n","protected":false},"excerpt":{"rendered":"<p>The stated prices are valid at the time of ordering. All prices include VAT and feedback Packaging waste disposal fee.<\/p>\n","protected":false},"featured_media":17008,"comment_status":"open","ping_status":"closed","template":"","meta":{"_monsterinsights_skip_tracking":false,"_monsterinsights_sitenote_active":false,"_monsterinsights_sitenote_note":"","_monsterinsights_sitenote_category":0},"product_brand":[],"product_cat":[219,216],"product_tag":[],"class_list":{"0":"post-17011","1":"product","2":"type-product","3":"status-publish","4":"has-post-thumbnail","6":"product_cat-high-quality-wine","7":"product_cat-red-wine","8":"product_shipping_class-hrvatska-en","10":"first","11":"instock","12":"taxable","13":"shipping-taxable","14":"purchasable","15":"product-type-simple"},"yoast_head":"<!-- This site is optimized with the Yoast SEO plugin v26.8 - https:\/\/yoast.com\/product\/yoast-seo-wordpress\/ -->\n<title>Plavac Elegance i Po\u0161ip Elegance - Dinga\u010d Skaramu\u010da<\/title>\n<meta name=\"robots\" content=\"index, follow, max-snippet:-1, max-image-preview:large, max-video-preview:-1\" \/>\n<link rel=\"canonical\" href=\"https:\/\/dingac-skaramuca.hr\/en\/product\/plavac-elegance-i-posip-elegance\/\" \/>\n<meta property=\"og:locale\" content=\"en_US\" \/>\n<meta property=\"og:type\" content=\"article\" \/>\n<meta property=\"og:title\" content=\"Plavac Elegance i Po\u0161ip Elegance - Dinga\u010d Skaramu\u010da\" \/>\n<meta property=\"og:description\" content=\"The stated prices are valid at the time of ordering. All prices include VAT and feedback Packaging waste disposal fee.\" \/>\n<meta property=\"og:url\" content=\"https:\/\/dingac-skaramuca.hr\/en\/product\/plavac-elegance-i-posip-elegance\/\" \/>\n<meta property=\"og:site_name\" content=\"Dinga\u010d Skaramu\u010da\" \/>\n<meta property=\"article:modified_time\" content=\"2022-11-29T12:09:34+00:00\" \/>\n<meta property=\"og:image\" content=\"https:\/\/dingac-skaramuca.hr\/wp-content\/uploads\/2020\/12\/dingac-skaramuca-poklon.jpg\" \/>\n\t<meta property=\"og:image:width\" content=\"664\" \/>\n\t<meta property=\"og:image:height\" content=\"996\" \/>\n\t<meta property=\"og:image:type\" content=\"image\/jpeg\" \/>\n<meta name=\"twitter:card\" content=\"summary_large_image\" \/>\n<script type=\"application\/ld+json\" class=\"yoast-schema-graph\">{\"@context\":\"https:\/\/schema.org\",\"@graph\":[{\"@type\":\"WebPage\",\"@id\":\"https:\/\/dingac-skaramuca.hr\/en\/product\/plavac-elegance-i-posip-elegance\/\",\"url\":\"https:\/\/dingac-skaramuca.hr\/en\/product\/plavac-elegance-i-posip-elegance\/\",\"name\":\"Plavac Elegance i Po\u0161ip Elegance - Dinga\u010d Skaramu\u010da\",\"isPartOf\":{\"@id\":\"https:\/\/dingac-skaramuca.hr\/en\/#website\"},\"primaryImageOfPage\":{\"@id\":\"https:\/\/dingac-skaramuca.hr\/en\/product\/plavac-elegance-i-posip-elegance\/#primaryimage\"},\"image\":{\"@id\":\"https:\/\/dingac-skaramuca.hr\/en\/product\/plavac-elegance-i-posip-elegance\/#primaryimage\"},\"thumbnailUrl\":\"https:\/\/dingac-skaramuca.hr\/wp-content\/uploads\/2020\/12\/dingac-skaramuca-poklon.jpg\",\"datePublished\":\"2020-12-16T11:14:07+00:00\",\"dateModified\":\"2022-11-29T12:09:34+00:00\",\"breadcrumb\":{\"@id\":\"https:\/\/dingac-skaramuca.hr\/en\/product\/plavac-elegance-i-posip-elegance\/#breadcrumb\"},\"inLanguage\":\"en-US\",\"potentialAction\":[{\"@type\":\"ReadAction\",\"target\":[\"https:\/\/dingac-skaramuca.hr\/en\/product\/plavac-elegance-i-posip-elegance\/\"]}]},{\"@type\":\"ImageObject\",\"inLanguage\":\"en-US\",\"@id\":\"https:\/\/dingac-skaramuca.hr\/en\/product\/plavac-elegance-i-posip-elegance\/#primaryimage\",\"url\":\"https:\/\/dingac-skaramuca.hr\/wp-content\/uploads\/2020\/12\/dingac-skaramuca-poklon.jpg\",\"contentUrl\":\"https:\/\/dingac-skaramuca.hr\/wp-content\/uploads\/2020\/12\/dingac-skaramuca-poklon.jpg\",\"width\":664,\"height\":996,\"caption\":\"Dingac Skaramuca\"},{\"@type\":\"BreadcrumbList\",\"@id\":\"https:\/\/dingac-skaramuca.hr\/en\/product\/plavac-elegance-i-posip-elegance\/#breadcrumb\",\"itemListElement\":[{\"@type\":\"ListItem\",\"position\":1,\"name\":\"Home\",\"item\":\"https:\/\/dingac-skaramuca.hr\/en\/\"},{\"@type\":\"ListItem\",\"position\":2,\"name\":\"Webshop\",\"item\":\"https:\/\/dingac-skaramuca.hr\/en\/webshop\/\"},{\"@type\":\"ListItem\",\"position\":3,\"name\":\"Plavac Elegance i Po\u0161ip Elegance\"}]},{\"@type\":\"WebSite\",\"@id\":\"https:\/\/dingac-skaramuca.hr\/en\/#website\",\"url\":\"https:\/\/dingac-skaramuca.hr\/en\/\",\"name\":\"Dinga\u010d Skaramu\u010da\",\"description\":\"Vina Skaramu\u010da\",\"potentialAction\":[{\"@type\":\"SearchAction\",\"target\":{\"@type\":\"EntryPoint\",\"urlTemplate\":\"https:\/\/dingac-skaramuca.hr\/en\/?s={search_term_string}\"},\"query-input\":{\"@type\":\"PropertyValueSpecification\",\"valueRequired\":true,\"valueName\":\"search_term_string\"}}],\"inLanguage\":\"en-US\"}]}<\/script>\n<!-- \/ Yoast SEO plugin. -->","yoast_head_json":{"title":"Plavac Elegance i Po\u0161ip Elegance - Dinga\u010d Skaramu\u010da","robots":{"index":"index","follow":"follow","max-snippet":"max-snippet:-1","max-image-preview":"max-image-preview:large","max-video-preview":"max-video-preview:-1"},"canonical":"https:\/\/dingac-skaramuca.hr\/en\/product\/plavac-elegance-i-posip-elegance\/","og_locale":"en_US","og_type":"article","og_title":"Plavac Elegance i Po\u0161ip Elegance - Dinga\u010d Skaramu\u010da","og_description":"The stated prices are valid at the time of ordering. All prices include VAT and feedback Packaging waste disposal fee.","og_url":"https:\/\/dingac-skaramuca.hr\/en\/product\/plavac-elegance-i-posip-elegance\/","og_site_name":"Dinga\u010d Skaramu\u010da","article_modified_time":"2022-11-29T12:09:34+00:00","og_image":[{"width":664,"height":996,"url":"https:\/\/dingac-skaramuca.hr\/wp-content\/uploads\/2020\/12\/dingac-skaramuca-poklon.jpg","type":"image\/jpeg"}],"twitter_card":"summary_large_image","schema":{"@context":"https:\/\/schema.org","@graph":[{"@type":"WebPage","@id":"https:\/\/dingac-skaramuca.hr\/en\/product\/plavac-elegance-i-posip-elegance\/","url":"https:\/\/dingac-skaramuca.hr\/en\/product\/plavac-elegance-i-posip-elegance\/","name":"Plavac Elegance i Po\u0161ip Elegance - Dinga\u010d Skaramu\u010da","isPartOf":{"@id":"https:\/\/dingac-skaramuca.hr\/en\/#website"},"primaryImageOfPage":{"@id":"https:\/\/dingac-skaramuca.hr\/en\/product\/plavac-elegance-i-posip-elegance\/#primaryimage"},"image":{"@id":"https:\/\/dingac-skaramuca.hr\/en\/product\/plavac-elegance-i-posip-elegance\/#primaryimage"},"thumbnailUrl":"https:\/\/dingac-skaramuca.hr\/wp-content\/uploads\/2020\/12\/dingac-skaramuca-poklon.jpg","datePublished":"2020-12-16T11:14:07+00:00","dateModified":"2022-11-29T12:09:34+00:00","breadcrumb":{"@id":"https:\/\/dingac-skaramuca.hr\/en\/product\/plavac-elegance-i-posip-elegance\/#breadcrumb"},"inLanguage":"en-US","potentialAction":[{"@type":"ReadAction","target":["https:\/\/dingac-skaramuca.hr\/en\/product\/plavac-elegance-i-posip-elegance\/"]}]},{"@type":"ImageObject","inLanguage":"en-US","@id":"https:\/\/dingac-skaramuca.hr\/en\/product\/plavac-elegance-i-posip-elegance\/#primaryimage","url":"https:\/\/dingac-skaramuca.hr\/wp-content\/uploads\/2020\/12\/dingac-skaramuca-poklon.jpg","contentUrl":"https:\/\/dingac-skaramuca.hr\/wp-content\/uploads\/2020\/12\/dingac-skaramuca-poklon.jpg","width":664,"height":996,"caption":"Dingac Skaramuca"},{"@type":"BreadcrumbList","@id":"https:\/\/dingac-skaramuca.hr\/en\/product\/plavac-elegance-i-posip-elegance\/#breadcrumb","itemListElement":[{"@type":"ListItem","position":1,"name":"Home","item":"https:\/\/dingac-skaramuca.hr\/en\/"},{"@type":"ListItem","position":2,"name":"Webshop","item":"https:\/\/dingac-skaramuca.hr\/en\/webshop\/"},{"@type":"ListItem","position":3,"name":"Plavac Elegance i Po\u0161ip Elegance"}]},{"@type":"WebSite","@id":"https:\/\/dingac-skaramuca.hr\/en\/#website","url":"https:\/\/dingac-skaramuca.hr\/en\/","name":"Dinga\u010d Skaramu\u010da","description":"Vina Skaramu\u010da","potentialAction":[{"@type":"SearchAction","target":{"@type":"EntryPoint","urlTemplate":"https:\/\/dingac-skaramuca.hr\/en\/?s={search_term_string}"},"query-input":{"@type":"PropertyValueSpecification","valueRequired":true,"valueName":"search_term_string"}}],"inLanguage":"en-US"}]}},"_links":{"self":[{"href":"https:\/\/dingac-skaramuca.hr\/en\/wp-json\/wp\/v2\/product\/17011","targetHints":{"allow":["GET"]}}],"collection":[{"href":"https:\/\/dingac-skaramuca.hr\/en\/wp-json\/wp\/v2\/product"}],"about":[{"href":"https:\/\/dingac-skaramuca.hr\/en\/wp-json\/wp\/v2\/types\/product"}],"replies":[{"embeddable":true,"href":"https:\/\/dingac-skaramuca.hr\/en\/wp-json\/wp\/v2\/comments?post=17011"}],"wp:featuredmedia":[{"embeddable":true,"href":"https:\/\/dingac-skaramuca.hr\/en\/wp-json\/wp\/v2\/media\/17008"}],"wp:attachment":[{"href":"https:\/\/dingac-skaramuca.hr\/en\/wp-json\/wp\/v2\/media?parent=17011"}],"wp:term":[{"taxonomy":"product_brand","embeddable":true,"href":"https:\/\/dingac-skaramuca.hr\/en\/wp-json\/wp\/v2\/product_brand?post=17011"},{"taxonomy":"product_cat","embeddable":true,"href":"https:\/\/dingac-skaramuca.hr\/en\/wp-json\/wp\/v2\/product_cat?post=17011"},{"taxonomy":"product_tag","embeddable":true,"href":"https:\/\/dingac-skaramuca.hr\/en\/wp-json\/wp\/v2\/product_tag?post=17011"}],"curies":[{"name":"wp","href":"https:\/\/api.w.org\/{rel}","templated":true}]}}