{"id":16712,"date":"2017-04-18T22:02:49","date_gmt":"2017-04-18T20:02:49","guid":{"rendered":"http:\/\/dingac-skaramuca.hr\/testing\/proizvod\/posip\/"},"modified":"2023-01-24T12:46:26","modified_gmt":"2023-01-24T11:46:26","slug":"posip","status":"publish","type":"product","link":"https:\/\/dingac-skaramuca.hr\/en\/product\/posip\/","title":{"rendered":"Po\u0161ip"},"content":{"rendered":"<p><span><em>The stated prices are valid at the time of ordering. All prices include VAT and feedback Packaging waste disposal fee.<\/em><\/span><\/p>\n<h6><em>Minimum order is 6 bottles of wine!<\/em><\/h6>\n<p><span><em>We have 6 bottles available, bringing your attention to the optimum amount for individual orders, minimizing the risk of damage or breakage. It is possible to combine 6 different wines in one package.<\/em><\/span><\/p>\n","protected":false},"excerpt":{"rendered":"<p>Po\u0161ip is a premium white dry wine produced from Po\u0161ip grapes, exclusively from the vineyards of Kor\u010dula.<\/p>\n<div class=\"fusion-table table-1\">\n<table width=\"100%\">\n<tbody>\n<tr>\n<td>Quality<\/td>\n<td>top quality wine<\/td>\n<\/tr>\n<tr>\n<td>Vineyards<\/td>\n<td>Kor\u010dula vineyards<\/td>\n<\/tr>\n<tr>\n<td>Sort<\/td>\n<td>po\u0161ip<\/td>\n<\/tr>\n<tr>\n<td>Sugar<\/td>\n<td>white dry wine<\/td>\n<\/tr>\n<tr>\n<td>Alcohol<\/td>\n<td>13,5 vol%<\/td>\n<\/tr>\n<tr>\n<td>Quantity<\/td>\n<td>0,75 L<\/td>\n<\/tr>\n<tr>\n<td>Serving temperature<\/td>\n<td>12 \u00c2\u00b0C<\/td>\n<\/tr>\n<tr>\n<td>Vintage<\/td>\n<td>2018.<\/td>\n<\/tr>\n<\/tbody>\n<\/table>\n<\/div>\n","protected":false},"featured_media":16427,"comment_status":"open","ping_status":"closed","template":"","meta":{"_monsterinsights_skip_tracking":false,"_monsterinsights_sitenote_active":false,"_monsterinsights_sitenote_note":"","_monsterinsights_sitenote_category":0},"product_brand":[],"product_cat":[219,215],"product_tag":[],"class_list":{"0":"post-16712","1":"product","2":"type-product","3":"status-publish","4":"has-post-thumbnail","6":"product_cat-high-quality-wine","7":"product_cat-quality-wine-en","9":"first","10":"instock","11":"taxable","12":"shipping-taxable","13":"purchasable","14":"product-type-simple"},"yoast_head":"<!-- This site is optimized with the Yoast SEO plugin v26.8 - https:\/\/yoast.com\/product\/yoast-seo-wordpress\/ -->\n<title>Po\u0161ip - Dinga\u010d Skaramu\u010da<\/title>\n<meta name=\"robots\" content=\"index, follow, max-snippet:-1, max-image-preview:large, max-video-preview:-1\" \/>\n<link rel=\"canonical\" href=\"https:\/\/dingac-skaramuca.hr\/en\/product\/posip\/\" \/>\n<meta property=\"og:locale\" content=\"en_US\" \/>\n<meta property=\"og:type\" content=\"article\" \/>\n<meta property=\"og:title\" content=\"Po\u0161ip - Dinga\u010d Skaramu\u010da\" \/>\n<meta property=\"og:description\" content=\"Po\u0161ip is a premium white dry wine produced from Po\u0161ip grapes, exclusively from the vineyards of Kor\u010dula.     Quality top quality wine   Vineyards Kor\u010dula vineyards   Sort po\u0161ip   Sugar white dry wine   Alcohol 13,5 vol%   Quantity 0,75 L   Serving temperature 12 \u00c2\u00b0C   Vintage 2018.\" \/>\n<meta property=\"og:url\" content=\"https:\/\/dingac-skaramuca.hr\/en\/product\/posip\/\" \/>\n<meta property=\"og:site_name\" content=\"Dinga\u010d Skaramu\u010da\" \/>\n<meta property=\"article:modified_time\" content=\"2023-01-24T11:46:26+00:00\" \/>\n<meta property=\"og:image\" content=\"https:\/\/dingac-skaramuca.hr\/wp-content\/uploads\/2017\/04\/posip-bijelo-vino-skaramuca-scaled.jpg\" \/>\n\t<meta property=\"og:image:width\" content=\"1707\" \/>\n\t<meta property=\"og:image:height\" content=\"2560\" \/>\n\t<meta property=\"og:image:type\" content=\"image\/jpeg\" \/>\n<meta name=\"twitter:card\" content=\"summary_large_image\" \/>\n<script type=\"application\/ld+json\" class=\"yoast-schema-graph\">{\"@context\":\"https:\/\/schema.org\",\"@graph\":[{\"@type\":\"WebPage\",\"@id\":\"https:\/\/dingac-skaramuca.hr\/en\/product\/posip\/\",\"url\":\"https:\/\/dingac-skaramuca.hr\/en\/product\/posip\/\",\"name\":\"Po\u0161ip - Dinga\u010d Skaramu\u010da\",\"isPartOf\":{\"@id\":\"https:\/\/dingac-skaramuca.hr\/en\/#website\"},\"primaryImageOfPage\":{\"@id\":\"https:\/\/dingac-skaramuca.hr\/en\/product\/posip\/#primaryimage\"},\"image\":{\"@id\":\"https:\/\/dingac-skaramuca.hr\/en\/product\/posip\/#primaryimage\"},\"thumbnailUrl\":\"https:\/\/dingac-skaramuca.hr\/wp-content\/uploads\/2017\/04\/posip-bijelo-vino-skaramuca-scaled.jpg\",\"datePublished\":\"2017-04-18T20:02:49+00:00\",\"dateModified\":\"2023-01-24T11:46:26+00:00\",\"breadcrumb\":{\"@id\":\"https:\/\/dingac-skaramuca.hr\/en\/product\/posip\/#breadcrumb\"},\"inLanguage\":\"en-US\",\"potentialAction\":[{\"@type\":\"ReadAction\",\"target\":[\"https:\/\/dingac-skaramuca.hr\/en\/product\/posip\/\"]}]},{\"@type\":\"ImageObject\",\"inLanguage\":\"en-US\",\"@id\":\"https:\/\/dingac-skaramuca.hr\/en\/product\/posip\/#primaryimage\",\"url\":\"https:\/\/dingac-skaramuca.hr\/wp-content\/uploads\/2017\/04\/posip-bijelo-vino-skaramuca-scaled.jpg\",\"contentUrl\":\"https:\/\/dingac-skaramuca.hr\/wp-content\/uploads\/2017\/04\/posip-bijelo-vino-skaramuca-scaled.jpg\",\"width\":1707,\"height\":2560,\"caption\":\"posip bijelo vino skaramuca\"},{\"@type\":\"BreadcrumbList\",\"@id\":\"https:\/\/dingac-skaramuca.hr\/en\/product\/posip\/#breadcrumb\",\"itemListElement\":[{\"@type\":\"ListItem\",\"position\":1,\"name\":\"Home\",\"item\":\"https:\/\/dingac-skaramuca.hr\/en\/\"},{\"@type\":\"ListItem\",\"position\":2,\"name\":\"Webshop\",\"item\":\"https:\/\/dingac-skaramuca.hr\/en\/webshop\/\"},{\"@type\":\"ListItem\",\"position\":3,\"name\":\"Po\u0161ip\"}]},{\"@type\":\"WebSite\",\"@id\":\"https:\/\/dingac-skaramuca.hr\/en\/#website\",\"url\":\"https:\/\/dingac-skaramuca.hr\/en\/\",\"name\":\"Dinga\u010d Skaramu\u010da\",\"description\":\"Vina Skaramu\u010da\",\"potentialAction\":[{\"@type\":\"SearchAction\",\"target\":{\"@type\":\"EntryPoint\",\"urlTemplate\":\"https:\/\/dingac-skaramuca.hr\/en\/?s={search_term_string}\"},\"query-input\":{\"@type\":\"PropertyValueSpecification\",\"valueRequired\":true,\"valueName\":\"search_term_string\"}}],\"inLanguage\":\"en-US\"}]}<\/script>\n<!-- \/ Yoast SEO plugin. -->","yoast_head_json":{"title":"Po\u0161ip - Dinga\u010d Skaramu\u010da","robots":{"index":"index","follow":"follow","max-snippet":"max-snippet:-1","max-image-preview":"max-image-preview:large","max-video-preview":"max-video-preview:-1"},"canonical":"https:\/\/dingac-skaramuca.hr\/en\/product\/posip\/","og_locale":"en_US","og_type":"article","og_title":"Po\u0161ip - Dinga\u010d Skaramu\u010da","og_description":"Po\u0161ip is a premium white dry wine produced from Po\u0161ip grapes, exclusively from the vineyards of Kor\u010dula.     Quality top quality wine   Vineyards Kor\u010dula vineyards   Sort po\u0161ip   Sugar white dry wine   Alcohol 13,5 vol%   Quantity 0,75 L   Serving temperature 12 \u00c2\u00b0C   Vintage 2018.","og_url":"https:\/\/dingac-skaramuca.hr\/en\/product\/posip\/","og_site_name":"Dinga\u010d Skaramu\u010da","article_modified_time":"2023-01-24T11:46:26+00:00","og_image":[{"width":1707,"height":2560,"url":"https:\/\/dingac-skaramuca.hr\/wp-content\/uploads\/2017\/04\/posip-bijelo-vino-skaramuca-scaled.jpg","type":"image\/jpeg"}],"twitter_card":"summary_large_image","schema":{"@context":"https:\/\/schema.org","@graph":[{"@type":"WebPage","@id":"https:\/\/dingac-skaramuca.hr\/en\/product\/posip\/","url":"https:\/\/dingac-skaramuca.hr\/en\/product\/posip\/","name":"Po\u0161ip - Dinga\u010d Skaramu\u010da","isPartOf":{"@id":"https:\/\/dingac-skaramuca.hr\/en\/#website"},"primaryImageOfPage":{"@id":"https:\/\/dingac-skaramuca.hr\/en\/product\/posip\/#primaryimage"},"image":{"@id":"https:\/\/dingac-skaramuca.hr\/en\/product\/posip\/#primaryimage"},"thumbnailUrl":"https:\/\/dingac-skaramuca.hr\/wp-content\/uploads\/2017\/04\/posip-bijelo-vino-skaramuca-scaled.jpg","datePublished":"2017-04-18T20:02:49+00:00","dateModified":"2023-01-24T11:46:26+00:00","breadcrumb":{"@id":"https:\/\/dingac-skaramuca.hr\/en\/product\/posip\/#breadcrumb"},"inLanguage":"en-US","potentialAction":[{"@type":"ReadAction","target":["https:\/\/dingac-skaramuca.hr\/en\/product\/posip\/"]}]},{"@type":"ImageObject","inLanguage":"en-US","@id":"https:\/\/dingac-skaramuca.hr\/en\/product\/posip\/#primaryimage","url":"https:\/\/dingac-skaramuca.hr\/wp-content\/uploads\/2017\/04\/posip-bijelo-vino-skaramuca-scaled.jpg","contentUrl":"https:\/\/dingac-skaramuca.hr\/wp-content\/uploads\/2017\/04\/posip-bijelo-vino-skaramuca-scaled.jpg","width":1707,"height":2560,"caption":"posip bijelo vino skaramuca"},{"@type":"BreadcrumbList","@id":"https:\/\/dingac-skaramuca.hr\/en\/product\/posip\/#breadcrumb","itemListElement":[{"@type":"ListItem","position":1,"name":"Home","item":"https:\/\/dingac-skaramuca.hr\/en\/"},{"@type":"ListItem","position":2,"name":"Webshop","item":"https:\/\/dingac-skaramuca.hr\/en\/webshop\/"},{"@type":"ListItem","position":3,"name":"Po\u0161ip"}]},{"@type":"WebSite","@id":"https:\/\/dingac-skaramuca.hr\/en\/#website","url":"https:\/\/dingac-skaramuca.hr\/en\/","name":"Dinga\u010d Skaramu\u010da","description":"Vina Skaramu\u010da","potentialAction":[{"@type":"SearchAction","target":{"@type":"EntryPoint","urlTemplate":"https:\/\/dingac-skaramuca.hr\/en\/?s={search_term_string}"},"query-input":{"@type":"PropertyValueSpecification","valueRequired":true,"valueName":"search_term_string"}}],"inLanguage":"en-US"}]}},"_links":{"self":[{"href":"https:\/\/dingac-skaramuca.hr\/en\/wp-json\/wp\/v2\/product\/16712","targetHints":{"allow":["GET"]}}],"collection":[{"href":"https:\/\/dingac-skaramuca.hr\/en\/wp-json\/wp\/v2\/product"}],"about":[{"href":"https:\/\/dingac-skaramuca.hr\/en\/wp-json\/wp\/v2\/types\/product"}],"replies":[{"embeddable":true,"href":"https:\/\/dingac-skaramuca.hr\/en\/wp-json\/wp\/v2\/comments?post=16712"}],"wp:featuredmedia":[{"embeddable":true,"href":"https:\/\/dingac-skaramuca.hr\/en\/wp-json\/wp\/v2\/media\/16427"}],"wp:attachment":[{"href":"https:\/\/dingac-skaramuca.hr\/en\/wp-json\/wp\/v2\/media?parent=16712"}],"wp:term":[{"taxonomy":"product_brand","embeddable":true,"href":"https:\/\/dingac-skaramuca.hr\/en\/wp-json\/wp\/v2\/product_brand?post=16712"},{"taxonomy":"product_cat","embeddable":true,"href":"https:\/\/dingac-skaramuca.hr\/en\/wp-json\/wp\/v2\/product_cat?post=16712"},{"taxonomy":"product_tag","embeddable":true,"href":"https:\/\/dingac-skaramuca.hr\/en\/wp-json\/wp\/v2\/product_tag?post=16712"}],"curies":[{"name":"wp","href":"https:\/\/api.w.org\/{rel}","templated":true}]}}