{"id":16703,"date":"2020-03-02T14:45:56","date_gmt":"2020-03-02T13:45:56","guid":{"rendered":"http:\/\/dingac-skaramuca.hr\/testing\/returns-and-complaints\/"},"modified":"2020-03-03T10:54:35","modified_gmt":"2020-03-03T09:54:35","slug":"returns-and-complaints","status":"publish","type":"page","link":"https:\/\/dingac-skaramuca.hr\/en\/returns-and-complaints\/","title":{"rendered":"Returns and complaints"},"content":{"rendered":"<p>[vc_row css=&#8221;.vc_custom_1576860603016{padding-top: 50px !important;padding-right: 7% !important;padding-bottom: 140px !important;padding-left: 7% !important;background-color: #f2f2f2 !important;}&#8221;][vc_column][vc_single_image image=&#8221;4746&#8243; alignment=&#8221;center&#8221;][vc_empty_space height=&#8221;70px&#8221;][vc_row_inner][vc_column_inner width=&#8221;1\/2&#8243;]<div class=\"eltdf-section-title-holder\" style=\"text-align: center\">\n\t\t\t<h2 class=\"eltdf-st-title\" >\n\t\t\t<span>RETURN<\/span>\n\t\t<\/h2>\n                    <div class=\"eltdf-st-separator clearfix\">\n                <div class=\"eltdf-separator\" ><\/div>\n            <\/div>\n        \t\t\t<\/div>[vc_empty_space height=&#8221;70px&#8221;][vc_column_text]The buyer has the right to return the goods within 10 days if the ordered item does not match. The buyer bears the cost of the return when returning the item ordered. If an error has been made by Dinga\u010d &#8211; Skaramu\u010da d.o.o. or if it is a mistake on the item ordered, the cost of the return is borne by Dinga\u010d-Skaramu\u010da d.o.o.<br \/>\nIn the event of a refund, the Buyer shall return the product to the Seller at his own expense.<br \/>\n[\/vc_column_text][\/vc_column_inner][vc_column_inner width=&#8221;1\/2&#8243;]<div class=\"eltdf-section-title-holder\" style=\"text-align: center\">\n\t\t\t<h2 class=\"eltdf-st-title\" >\n\t\t\t<span>COMPLAINTS<\/span>\n\t\t<\/h2>\n                    <div class=\"eltdf-st-separator clearfix\">\n                <div class=\"eltdf-separator\" ><\/div>\n            <\/div>\n        \t\t\t<\/div>[vc_empty_space height=&#8221;70px&#8221;][vc_column_text]Complaints are received in writing at: ivana@dingac-skaramuca.hr. In the event of a complaint, the Buyer returns the product to the Seller at the Seller&#8217;s expense<br \/>\nThe Seller shall, within 30 days from the date of receiving the written complaint of the Buyer, replace the product or return to the Buyer the entire amount paid plus interest, calculated from the date of receiving buyers written notice.<br \/>\n[\/vc_column_text][\/vc_column_inner][\/vc_row_inner][vc_empty_space height=&#8221;70px&#8221;][\/vc_column][\/vc_row]<\/p>\n","protected":false},"excerpt":{"rendered":"<p>[vc_row css=&#8221;.vc_custom_1576860603016{padding-top: 50px !important;padding-right: 7% !important;padding-bottom: 140px !important;padding-left: 7% !important;background-color: #f2f2f2 !important;}&#8221;][vc_column][vc_single_image image=&#8221;4746&#8243; alignment=&#8221;center&#8221;][vc_empty_space height=&#8221;70px&#8221;][vc_row_inner][vc_column_inner width=&#8221;1\/2&#8243;][vc_empty_space height=&#8221;70px&#8221;][vc_column_text]The buyer has the right to return the goods within 10 days if the ordered item does not match. The buyer bears the cost of the return when returning [&hellip;]<\/p>\n","protected":false},"author":352,"featured_media":0,"parent":0,"menu_order":0,"comment_status":"closed","ping_status":"closed","template":"full-width.php","meta":{"_monsterinsights_skip_tracking":false,"_monsterinsights_sitenote_active":false,"_monsterinsights_sitenote_note":"","_monsterinsights_sitenote_category":0,"footnotes":""},"class_list":["post-16703","page","type-page","status-publish","hentry"],"yoast_head":"<!-- This site is optimized with the Yoast SEO plugin v26.8 - https:\/\/yoast.com\/product\/yoast-seo-wordpress\/ -->\n<title>Returns and complaints - Dinga\u010d Skaramu\u010da<\/title>\n<meta name=\"robots\" content=\"index, follow, max-snippet:-1, max-image-preview:large, max-video-preview:-1\" \/>\n<link rel=\"canonical\" href=\"https:\/\/dingac-skaramuca.hr\/en\/returns-and-complaints\/\" \/>\n<meta property=\"og:locale\" content=\"en_US\" \/>\n<meta property=\"og:type\" content=\"article\" \/>\n<meta property=\"og:title\" content=\"Returns and complaints - Dinga\u010d Skaramu\u010da\" \/>\n<meta property=\"og:description\" content=\"[vc_row css=&#8221;.vc_custom_1576860603016{padding-top: 50px !important;padding-right: 7% !important;padding-bottom: 140px !important;padding-left: 7% !important;background-color: #f2f2f2 !important;}&#8221;][vc_column][vc_single_image image=&#8221;4746&#8243; alignment=&#8221;center&#8221;][vc_empty_space height=&#8221;70px&#8221;][vc_row_inner][vc_column_inner width=&#8221;1\/2&#8243;][vc_empty_space height=&#8221;70px&#8221;][vc_column_text]The buyer has the right to return the goods within 10 days if the ordered item does not match. The buyer bears the cost of the return when returning [&hellip;]\" \/>\n<meta property=\"og:url\" content=\"https:\/\/dingac-skaramuca.hr\/en\/returns-and-complaints\/\" \/>\n<meta property=\"og:site_name\" content=\"Dinga\u010d Skaramu\u010da\" \/>\n<meta property=\"article:modified_time\" content=\"2020-03-03T09:54:35+00:00\" \/>\n<meta name=\"twitter:card\" content=\"summary_large_image\" \/>\n<meta name=\"twitter:label1\" content=\"Est. reading time\" \/>\n\t<meta name=\"twitter:data1\" content=\"1 minute\" \/>\n<script type=\"application\/ld+json\" class=\"yoast-schema-graph\">{\"@context\":\"https:\/\/schema.org\",\"@graph\":[{\"@type\":\"WebPage\",\"@id\":\"https:\/\/dingac-skaramuca.hr\/en\/returns-and-complaints\/\",\"url\":\"https:\/\/dingac-skaramuca.hr\/en\/returns-and-complaints\/\",\"name\":\"Returns and complaints - Dinga\u010d Skaramu\u010da\",\"isPartOf\":{\"@id\":\"https:\/\/dingac-skaramuca.hr\/en\/#website\"},\"datePublished\":\"2020-03-02T13:45:56+00:00\",\"dateModified\":\"2020-03-03T09:54:35+00:00\",\"breadcrumb\":{\"@id\":\"https:\/\/dingac-skaramuca.hr\/en\/returns-and-complaints\/#breadcrumb\"},\"inLanguage\":\"en-US\",\"potentialAction\":[{\"@type\":\"ReadAction\",\"target\":[\"https:\/\/dingac-skaramuca.hr\/en\/returns-and-complaints\/\"]}]},{\"@type\":\"BreadcrumbList\",\"@id\":\"https:\/\/dingac-skaramuca.hr\/en\/returns-and-complaints\/#breadcrumb\",\"itemListElement\":[{\"@type\":\"ListItem\",\"position\":1,\"name\":\"Home\",\"item\":\"https:\/\/dingac-skaramuca.hr\/en\/\"},{\"@type\":\"ListItem\",\"position\":2,\"name\":\"Returns and complaints\"}]},{\"@type\":\"WebSite\",\"@id\":\"https:\/\/dingac-skaramuca.hr\/en\/#website\",\"url\":\"https:\/\/dingac-skaramuca.hr\/en\/\",\"name\":\"Dinga\u010d Skaramu\u010da\",\"description\":\"Vina Skaramu\u010da\",\"potentialAction\":[{\"@type\":\"SearchAction\",\"target\":{\"@type\":\"EntryPoint\",\"urlTemplate\":\"https:\/\/dingac-skaramuca.hr\/en\/?s={search_term_string}\"},\"query-input\":{\"@type\":\"PropertyValueSpecification\",\"valueRequired\":true,\"valueName\":\"search_term_string\"}}],\"inLanguage\":\"en-US\"}]}<\/script>\n<!-- \/ Yoast SEO plugin. -->","yoast_head_json":{"title":"Returns and complaints - Dinga\u010d Skaramu\u010da","robots":{"index":"index","follow":"follow","max-snippet":"max-snippet:-1","max-image-preview":"max-image-preview:large","max-video-preview":"max-video-preview:-1"},"canonical":"https:\/\/dingac-skaramuca.hr\/en\/returns-and-complaints\/","og_locale":"en_US","og_type":"article","og_title":"Returns and complaints - Dinga\u010d Skaramu\u010da","og_description":"[vc_row css=&#8221;.vc_custom_1576860603016{padding-top: 50px !important;padding-right: 7% !important;padding-bottom: 140px !important;padding-left: 7% !important;background-color: #f2f2f2 !important;}&#8221;][vc_column][vc_single_image image=&#8221;4746&#8243; alignment=&#8221;center&#8221;][vc_empty_space height=&#8221;70px&#8221;][vc_row_inner][vc_column_inner width=&#8221;1\/2&#8243;][vc_empty_space height=&#8221;70px&#8221;][vc_column_text]The buyer has the right to return the goods within 10 days if the ordered item does not match. The buyer bears the cost of the return when returning [&hellip;]","og_url":"https:\/\/dingac-skaramuca.hr\/en\/returns-and-complaints\/","og_site_name":"Dinga\u010d Skaramu\u010da","article_modified_time":"2020-03-03T09:54:35+00:00","twitter_card":"summary_large_image","twitter_misc":{"Est. reading time":"1 minute"},"schema":{"@context":"https:\/\/schema.org","@graph":[{"@type":"WebPage","@id":"https:\/\/dingac-skaramuca.hr\/en\/returns-and-complaints\/","url":"https:\/\/dingac-skaramuca.hr\/en\/returns-and-complaints\/","name":"Returns and complaints - Dinga\u010d Skaramu\u010da","isPartOf":{"@id":"https:\/\/dingac-skaramuca.hr\/en\/#website"},"datePublished":"2020-03-02T13:45:56+00:00","dateModified":"2020-03-03T09:54:35+00:00","breadcrumb":{"@id":"https:\/\/dingac-skaramuca.hr\/en\/returns-and-complaints\/#breadcrumb"},"inLanguage":"en-US","potentialAction":[{"@type":"ReadAction","target":["https:\/\/dingac-skaramuca.hr\/en\/returns-and-complaints\/"]}]},{"@type":"BreadcrumbList","@id":"https:\/\/dingac-skaramuca.hr\/en\/returns-and-complaints\/#breadcrumb","itemListElement":[{"@type":"ListItem","position":1,"name":"Home","item":"https:\/\/dingac-skaramuca.hr\/en\/"},{"@type":"ListItem","position":2,"name":"Returns and complaints"}]},{"@type":"WebSite","@id":"https:\/\/dingac-skaramuca.hr\/en\/#website","url":"https:\/\/dingac-skaramuca.hr\/en\/","name":"Dinga\u010d Skaramu\u010da","description":"Vina Skaramu\u010da","potentialAction":[{"@type":"SearchAction","target":{"@type":"EntryPoint","urlTemplate":"https:\/\/dingac-skaramuca.hr\/en\/?s={search_term_string}"},"query-input":{"@type":"PropertyValueSpecification","valueRequired":true,"valueName":"search_term_string"}}],"inLanguage":"en-US"}]}},"_links":{"self":[{"href":"https:\/\/dingac-skaramuca.hr\/en\/wp-json\/wp\/v2\/pages\/16703","targetHints":{"allow":["GET"]}}],"collection":[{"href":"https:\/\/dingac-skaramuca.hr\/en\/wp-json\/wp\/v2\/pages"}],"about":[{"href":"https:\/\/dingac-skaramuca.hr\/en\/wp-json\/wp\/v2\/types\/page"}],"author":[{"embeddable":true,"href":"https:\/\/dingac-skaramuca.hr\/en\/wp-json\/wp\/v2\/users\/352"}],"replies":[{"embeddable":true,"href":"https:\/\/dingac-skaramuca.hr\/en\/wp-json\/wp\/v2\/comments?post=16703"}],"version-history":[{"count":3,"href":"https:\/\/dingac-skaramuca.hr\/en\/wp-json\/wp\/v2\/pages\/16703\/revisions"}],"predecessor-version":[{"id":16781,"href":"https:\/\/dingac-skaramuca.hr\/en\/wp-json\/wp\/v2\/pages\/16703\/revisions\/16781"}],"wp:attachment":[{"href":"https:\/\/dingac-skaramuca.hr\/en\/wp-json\/wp\/v2\/media?parent=16703"}],"curies":[{"name":"wp","href":"https:\/\/api.w.org\/{rel}","templated":true}]}}