{"id":16701,"date":"2020-03-02T14:44:32","date_gmt":"2020-03-02T13:44:32","guid":{"rendered":"http:\/\/dingac-skaramuca.hr\/testing\/sales-information\/"},"modified":"2020-03-03T11:03:47","modified_gmt":"2020-03-03T10:03:47","slug":"sales-information","status":"publish","type":"page","link":"https:\/\/dingac-skaramuca.hr\/en\/sales-information\/","title":{"rendered":"Sales information"},"content":{"rendered":"<p>[vc_row css=&#8221;.vc_custom_1576860603016{padding-top: 50px !important;padding-right: 7% !important;padding-bottom: 140px !important;padding-left: 7% !important;background-color: #f2f2f2 !important;}&#8221;][vc_column][vc_single_image image=&#8221;7287&#8243; alignment=&#8221;center&#8221;][vc_empty_space height=&#8221;70px&#8221;]<div class=\"eltdf-section-title-holder\" style=\"text-align: center\">\n\t\t\t<h2 class=\"eltdf-st-title\" >\n\t\t\t<span>SALES INFORMATION<\/span>\n\t\t<\/h2>\n                    <div class=\"eltdf-st-separator clearfix\">\n                <div class=\"eltdf-separator\" ><\/div>\n            <\/div>\n        \t\t\t<\/div>[vc_empty_space height=&#8221;70px&#8221;][vc_row_inner][vc_column_inner width=&#8221;1\/2&#8243;][vc_empty_space height=&#8221;50px&#8221;][vc_column_text]DINGA\u010c-SKARAMU\u010cA d.o.o.<br \/>\nREGISTRATION FILE No. 060055802, SPLIT Commercial Court, DUBROVNIK OFFICE<br \/>\nMB3995640<br \/>\nGORNJE PIJAVI\u010cINO 7, 20244 POTOMJE, PELJE\u0160\u00a0AC, CROATIA<br \/>\nFax. 020\/ 742 -211<br \/>\nE-mail: ivana@dingac-skaramuca.hr<br \/>\nIvo Skaramu\u010da 098\/243-153<br \/>\nIgor Skaramu\u010da 098\/737-542<\/p>\n<p>Sales and Export Information:<br \/>\nBranimir An\u0111eli\u0107 099\/20-92-890<br \/>\nbranimir@dingac-skaramuca.hr<br \/>\n[\/vc_column_text][\/vc_column_inner][vc_column_inner width=&#8221;1\/2&#8243;][vc_single_image image=&#8221;15476&#8243; img_size=&#8221;full&#8221;][\/vc_column_inner][\/vc_row_inner][vc_empty_space height=&#8221;50px&#8221;][\/vc_column][\/vc_row]<\/p>\n","protected":false},"excerpt":{"rendered":"<p>[vc_row css=&#8221;.vc_custom_1576860603016{padding-top: 50px !important;padding-right: 7% !important;padding-bottom: 140px !important;padding-left: 7% !important;background-color: #f2f2f2 !important;}&#8221;][vc_column][vc_single_image image=&#8221;7287&#8243; alignment=&#8221;center&#8221;][vc_empty_space height=&#8221;70px&#8221;][vc_empty_space height=&#8221;70px&#8221;][vc_row_inner][vc_column_inner width=&#8221;1\/2&#8243;][vc_empty_space height=&#8221;50px&#8221;][vc_column_text]DINGA\u010c-SKARAMU\u010cA d.o.o. REGISTRATION FILE No. 060055802, SPLIT Commercial Court, DUBROVNIK OFFICE MB3995640 GORNJE PIJAVI\u010cINO 7, 20244 POTOMJE, PELJE\u0160\u00a0AC, CROATIA Fax. 020\/ 742 -211 E-mail: ivana@dingac-skaramuca.hr Ivo Skaramu\u010da 098\/243-153 [&hellip;]<\/p>\n","protected":false},"author":352,"featured_media":0,"parent":0,"menu_order":0,"comment_status":"closed","ping_status":"closed","template":"full-width.php","meta":{"_monsterinsights_skip_tracking":false,"_monsterinsights_sitenote_active":false,"_monsterinsights_sitenote_note":"","_monsterinsights_sitenote_category":0,"footnotes":""},"class_list":["post-16701","page","type-page","status-publish","hentry"],"yoast_head":"<!-- This site is optimized with the Yoast SEO plugin v26.8 - https:\/\/yoast.com\/product\/yoast-seo-wordpress\/ -->\n<title>Sales information - Dinga\u010d Skaramu\u010da<\/title>\n<meta name=\"robots\" content=\"index, follow, max-snippet:-1, max-image-preview:large, max-video-preview:-1\" \/>\n<link rel=\"canonical\" href=\"https:\/\/dingac-skaramuca.hr\/en\/sales-information\/\" \/>\n<meta property=\"og:locale\" content=\"en_US\" \/>\n<meta property=\"og:type\" content=\"article\" \/>\n<meta property=\"og:title\" content=\"Sales information - Dinga\u010d Skaramu\u010da\" \/>\n<meta property=\"og:description\" content=\"[vc_row css=&#8221;.vc_custom_1576860603016{padding-top: 50px !important;padding-right: 7% !important;padding-bottom: 140px !important;padding-left: 7% !important;background-color: #f2f2f2 !important;}&#8221;][vc_column][vc_single_image image=&#8221;7287&#8243; alignment=&#8221;center&#8221;][vc_empty_space height=&#8221;70px&#8221;][vc_empty_space height=&#8221;70px&#8221;][vc_row_inner][vc_column_inner width=&#8221;1\/2&#8243;][vc_empty_space height=&#8221;50px&#8221;][vc_column_text]DINGA\u010c-SKARAMU\u010cA d.o.o. REGISTRATION FILE No. 060055802, SPLIT Commercial Court, DUBROVNIK OFFICE MB3995640 GORNJE PIJAVI\u010cINO 7, 20244 POTOMJE, PELJE\u0160\u00a0AC, CROATIA Fax. 020\/ 742 -211 E-mail: ivana@dingac-skaramuca.hr Ivo Skaramu\u010da 098\/243-153 [&hellip;]\" \/>\n<meta property=\"og:url\" content=\"https:\/\/dingac-skaramuca.hr\/en\/sales-information\/\" \/>\n<meta property=\"og:site_name\" content=\"Dinga\u010d Skaramu\u010da\" \/>\n<meta property=\"article:modified_time\" content=\"2020-03-03T10:03:47+00:00\" \/>\n<meta name=\"twitter:card\" content=\"summary_large_image\" \/>\n<meta name=\"twitter:label1\" content=\"Est. reading time\" \/>\n\t<meta name=\"twitter:data1\" content=\"1 minute\" \/>\n<script type=\"application\/ld+json\" class=\"yoast-schema-graph\">{\"@context\":\"https:\/\/schema.org\",\"@graph\":[{\"@type\":\"WebPage\",\"@id\":\"https:\/\/dingac-skaramuca.hr\/en\/sales-information\/\",\"url\":\"https:\/\/dingac-skaramuca.hr\/en\/sales-information\/\",\"name\":\"Sales information - Dinga\u010d Skaramu\u010da\",\"isPartOf\":{\"@id\":\"https:\/\/dingac-skaramuca.hr\/en\/#website\"},\"datePublished\":\"2020-03-02T13:44:32+00:00\",\"dateModified\":\"2020-03-03T10:03:47+00:00\",\"breadcrumb\":{\"@id\":\"https:\/\/dingac-skaramuca.hr\/en\/sales-information\/#breadcrumb\"},\"inLanguage\":\"en-US\",\"potentialAction\":[{\"@type\":\"ReadAction\",\"target\":[\"https:\/\/dingac-skaramuca.hr\/en\/sales-information\/\"]}]},{\"@type\":\"BreadcrumbList\",\"@id\":\"https:\/\/dingac-skaramuca.hr\/en\/sales-information\/#breadcrumb\",\"itemListElement\":[{\"@type\":\"ListItem\",\"position\":1,\"name\":\"Home\",\"item\":\"https:\/\/dingac-skaramuca.hr\/en\/\"},{\"@type\":\"ListItem\",\"position\":2,\"name\":\"Sales information\"}]},{\"@type\":\"WebSite\",\"@id\":\"https:\/\/dingac-skaramuca.hr\/en\/#website\",\"url\":\"https:\/\/dingac-skaramuca.hr\/en\/\",\"name\":\"Dinga\u010d Skaramu\u010da\",\"description\":\"Vina Skaramu\u010da\",\"potentialAction\":[{\"@type\":\"SearchAction\",\"target\":{\"@type\":\"EntryPoint\",\"urlTemplate\":\"https:\/\/dingac-skaramuca.hr\/en\/?s={search_term_string}\"},\"query-input\":{\"@type\":\"PropertyValueSpecification\",\"valueRequired\":true,\"valueName\":\"search_term_string\"}}],\"inLanguage\":\"en-US\"}]}<\/script>\n<!-- \/ Yoast SEO plugin. -->","yoast_head_json":{"title":"Sales information - Dinga\u010d Skaramu\u010da","robots":{"index":"index","follow":"follow","max-snippet":"max-snippet:-1","max-image-preview":"max-image-preview:large","max-video-preview":"max-video-preview:-1"},"canonical":"https:\/\/dingac-skaramuca.hr\/en\/sales-information\/","og_locale":"en_US","og_type":"article","og_title":"Sales information - Dinga\u010d Skaramu\u010da","og_description":"[vc_row css=&#8221;.vc_custom_1576860603016{padding-top: 50px !important;padding-right: 7% !important;padding-bottom: 140px !important;padding-left: 7% !important;background-color: #f2f2f2 !important;}&#8221;][vc_column][vc_single_image image=&#8221;7287&#8243; alignment=&#8221;center&#8221;][vc_empty_space height=&#8221;70px&#8221;][vc_empty_space height=&#8221;70px&#8221;][vc_row_inner][vc_column_inner width=&#8221;1\/2&#8243;][vc_empty_space height=&#8221;50px&#8221;][vc_column_text]DINGA\u010c-SKARAMU\u010cA d.o.o. REGISTRATION FILE No. 060055802, SPLIT Commercial Court, DUBROVNIK OFFICE MB3995640 GORNJE PIJAVI\u010cINO 7, 20244 POTOMJE, PELJE\u0160\u00a0AC, CROATIA Fax. 020\/ 742 -211 E-mail: ivana@dingac-skaramuca.hr Ivo Skaramu\u010da 098\/243-153 [&hellip;]","og_url":"https:\/\/dingac-skaramuca.hr\/en\/sales-information\/","og_site_name":"Dinga\u010d Skaramu\u010da","article_modified_time":"2020-03-03T10:03:47+00:00","twitter_card":"summary_large_image","twitter_misc":{"Est. reading time":"1 minute"},"schema":{"@context":"https:\/\/schema.org","@graph":[{"@type":"WebPage","@id":"https:\/\/dingac-skaramuca.hr\/en\/sales-information\/","url":"https:\/\/dingac-skaramuca.hr\/en\/sales-information\/","name":"Sales information - Dinga\u010d Skaramu\u010da","isPartOf":{"@id":"https:\/\/dingac-skaramuca.hr\/en\/#website"},"datePublished":"2020-03-02T13:44:32+00:00","dateModified":"2020-03-03T10:03:47+00:00","breadcrumb":{"@id":"https:\/\/dingac-skaramuca.hr\/en\/sales-information\/#breadcrumb"},"inLanguage":"en-US","potentialAction":[{"@type":"ReadAction","target":["https:\/\/dingac-skaramuca.hr\/en\/sales-information\/"]}]},{"@type":"BreadcrumbList","@id":"https:\/\/dingac-skaramuca.hr\/en\/sales-information\/#breadcrumb","itemListElement":[{"@type":"ListItem","position":1,"name":"Home","item":"https:\/\/dingac-skaramuca.hr\/en\/"},{"@type":"ListItem","position":2,"name":"Sales information"}]},{"@type":"WebSite","@id":"https:\/\/dingac-skaramuca.hr\/en\/#website","url":"https:\/\/dingac-skaramuca.hr\/en\/","name":"Dinga\u010d Skaramu\u010da","description":"Vina Skaramu\u010da","potentialAction":[{"@type":"SearchAction","target":{"@type":"EntryPoint","urlTemplate":"https:\/\/dingac-skaramuca.hr\/en\/?s={search_term_string}"},"query-input":{"@type":"PropertyValueSpecification","valueRequired":true,"valueName":"search_term_string"}}],"inLanguage":"en-US"}]}},"_links":{"self":[{"href":"https:\/\/dingac-skaramuca.hr\/en\/wp-json\/wp\/v2\/pages\/16701","targetHints":{"allow":["GET"]}}],"collection":[{"href":"https:\/\/dingac-skaramuca.hr\/en\/wp-json\/wp\/v2\/pages"}],"about":[{"href":"https:\/\/dingac-skaramuca.hr\/en\/wp-json\/wp\/v2\/types\/page"}],"author":[{"embeddable":true,"href":"https:\/\/dingac-skaramuca.hr\/en\/wp-json\/wp\/v2\/users\/352"}],"replies":[{"embeddable":true,"href":"https:\/\/dingac-skaramuca.hr\/en\/wp-json\/wp\/v2\/comments?post=16701"}],"version-history":[{"count":2,"href":"https:\/\/dingac-skaramuca.hr\/en\/wp-json\/wp\/v2\/pages\/16701\/revisions"}],"predecessor-version":[{"id":16782,"href":"https:\/\/dingac-skaramuca.hr\/en\/wp-json\/wp\/v2\/pages\/16701\/revisions\/16782"}],"wp:attachment":[{"href":"https:\/\/dingac-skaramuca.hr\/en\/wp-json\/wp\/v2\/media?parent=16701"}],"curies":[{"name":"wp","href":"https:\/\/api.w.org\/{rel}","templated":true}]}}