{"id":16696,"date":"2020-03-02T14:39:09","date_gmt":"2020-03-02T13:39:09","guid":{"rendered":"http:\/\/dingac-skaramuca.hr\/testing\/ordering-and-delivery\/"},"modified":"2020-03-03T10:48:56","modified_gmt":"2020-03-03T09:48:56","slug":"ordering-and-delivery","status":"publish","type":"page","link":"https:\/\/dingac-skaramuca.hr\/en\/ordering-and-delivery\/","title":{"rendered":"Ordering and delivery"},"content":{"rendered":"<p>[vc_row css=&#8221;.vc_custom_1576860603016{padding-top: 50px !important;padding-right: 7% !important;padding-bottom: 140px !important;padding-left: 7% !important;background-color: #f2f2f2 !important;}&#8221;][vc_column][vc_single_image image=&#8221;4746&#8243; alignment=&#8221;center&#8221;][vc_empty_space height=&#8221;70px&#8221;]<div class=\"eltdf-section-title-holder\" style=\"text-align: center\">\n\t\t\t<h2 class=\"eltdf-st-title\" >\n\t\t\t<span>ORDERING, POSTAGE AND DELIVERY<\/span>\n\t\t<\/h2>\n                    <div class=\"eltdf-st-separator clearfix\">\n                <div class=\"eltdf-separator\" ><\/div>\n            <\/div>\n        \t\t\t<\/div>[vc_empty_space height=&#8221;70px&#8221;][vc_column_text]After selecting a product, you can click on its details, find out all about it, take a better look at it, and decide to buy it, just click on the &#8220;Add to Cart&#8221; link and it will be immediately found in your basket. You can choose quantities in the basket as well as cancel the purchase. Your basket is visible and accessible at all times and you can continue browsing our catalog freely. After the purchase is complete, return to the cart and select Buy. A notification of a successful purchase is sent to your email address.<br \/>\nDinga\u010d &#8211; Skaramu\u010da d.o.o. undertakes to deliver all the ordered products we have in stock at the time of purchase. If we are unable to deliver any of the ordered products, we will contact the buyer of the goods by phone or email regarding a replacement product or cancellation of the ordered product. All other products ordered will be shipped.<br \/>\n[\/vc_column_text][vc_empty_space height=&#8221;70px&#8221;][vc_single_image image=&#8221;7287&#8243; alignment=&#8221;center&#8221;][vc_empty_space height=&#8221;70px&#8221;][vc_row_inner][vc_column_inner width=&#8221;1\/2&#8243;]<div class=\"eltdf-section-title-holder\" style=\"text-align: center\">\n\t\t\t<h2 class=\"eltdf-st-title\" >\n\t\t\t<span>PAYMENT OF PRODUCTS<\/span>\n\t\t<\/h2>\n                    <div class=\"eltdf-st-separator clearfix\">\n                <div class=\"eltdf-separator\" ><\/div>\n            <\/div>\n        \t\t\t<\/div>[vc_empty_space height=&#8221;70px&#8221;][vc_column_text]The buyer agrees to pay for the ordered products at Dinga\u010d &#8211; Skaramu\u010da d.o.o. one of the following payment methods:<br \/>\nOne-time credit cards from all banks (American Express, MasterCard, Maestro and Visa)<br \/>\nUp to 6 installments American Express credit card<br \/>\n[\/vc_column_text][\/vc_column_inner][vc_column_inner width=&#8221;1\/2&#8243;]<div class=\"eltdf-section-title-holder\" style=\"text-align: center\">\n\t\t\t<h2 class=\"eltdf-st-title\" >\n\t\t\t<span>POSTAGE AND DELIVERY<\/span>\n\t\t<\/h2>\n                    <div class=\"eltdf-st-separator clearfix\">\n                <div class=\"eltdf-separator\" ><\/div>\n            <\/div>\n        \t\t\t<\/div>[vc_empty_space height=&#8221;70px&#8221;][vc_column_text]Delivery is via DPD Croatia d.o.o. and is available throughout the territory of the Republic of Croatia and international traffic.<br \/>\nDelivery next business day (see the delivery schedule for islands and smaller places on www.dpd.hr)<br \/>\nDelivery to European destinations within 1-5 days<br \/>\nThree attempts to deliver the package included in the price<br \/>\nOnline package tracking: www.dpd.hr<br \/>\n[\/vc_column_text][\/vc_column_inner][\/vc_row_inner][vc_empty_space height=&#8221;70px&#8221;][vc_empty_space height=&#8221;70px&#8221;]<div class=\"eltdf-section-title-holder\" style=\"text-align: center\">\n\t\t\t<h3 class=\"eltdf-st-title\" >\n\t\t\t<span>DOMESTIC DISTRIBUTION PRICES - CLASSIC-SERVICE:<\/span>\n\t\t<\/h3>\n                    <div class=\"eltdf-st-separator clearfix\">\n                <div class=\"eltdf-separator\" ><\/div>\n            <\/div>\n        \t\t\t<\/div>[vc_empty_space height=&#8221;40px&#8221;][vc_column_text]<\/p>\n<p class=\"centriraj\">delivery up to 10 kg (1 pack of wine containing 6 bottles = 8 kg) = 45,00 kn<br \/>\ndelivery up to 20 kg (2 packages of wine = 16 kg) = 56,00 kn<br \/>\ndelivery up to 25 kg (3 packages of wine = 24 kg) = 76,00 kn<\/p>\n<p>The ordered goods will be stacked in such a way that the usual manipulation of the transport can not damage it. The buyer is obliged to check for any defects when picking up the ordered goods and to immediately report them to the delivery worker who delivered the goods, and to refuse to take over the delivered goods showing any external damage. Checking the correctness of the order depends on the customer, and subsequent complaints are not accepted.<\/p>\n<p>All orders with 24h delivery received on the business day up to 12 hours will be dispatched the same day or the next day at the latest. On Saturdays, Sundays, and holidays, we do not ship the goods. The buyer will be informed about the change of the delivery time, with the item where the delivery time will be longer than foreseen. Please note that it also takes some time for delivery. For various reasons that are out of our control, this deadline can be extended (faults, accidents, road conditions\u00e2\u20ac\u00a6)[\/vc_column_text][vc_empty_space height=&#8221;70px&#8221;][\/vc_column][\/vc_row]<\/p>\n","protected":false},"excerpt":{"rendered":"<p>[vc_row css=&#8221;.vc_custom_1576860603016{padding-top: 50px !important;padding-right: 7% !important;padding-bottom: 140px !important;padding-left: 7% !important;background-color: #f2f2f2 !important;}&#8221;][vc_column][vc_single_image image=&#8221;4746&#8243; alignment=&#8221;center&#8221;][vc_empty_space height=&#8221;70px&#8221;][vc_empty_space height=&#8221;70px&#8221;][vc_column_text]After selecting a product, you can click on its details, find out all about it, take a better look at it, and decide to buy it, just click on the [&hellip;]<\/p>\n","protected":false},"author":352,"featured_media":0,"parent":0,"menu_order":0,"comment_status":"closed","ping_status":"closed","template":"full-width.php","meta":{"_monsterinsights_skip_tracking":false,"_monsterinsights_sitenote_active":false,"_monsterinsights_sitenote_note":"","_monsterinsights_sitenote_category":0,"footnotes":""},"class_list":["post-16696","page","type-page","status-publish","hentry"],"yoast_head":"<!-- This site is optimized with the Yoast SEO plugin v26.8 - https:\/\/yoast.com\/product\/yoast-seo-wordpress\/ -->\n<title>Ordering and delivery - Dinga\u010d Skaramu\u010da<\/title>\n<meta name=\"robots\" content=\"index, follow, max-snippet:-1, max-image-preview:large, max-video-preview:-1\" \/>\n<link rel=\"canonical\" href=\"https:\/\/dingac-skaramuca.hr\/en\/ordering-and-delivery\/\" \/>\n<meta property=\"og:locale\" content=\"en_US\" \/>\n<meta property=\"og:type\" content=\"article\" \/>\n<meta property=\"og:title\" content=\"Ordering and delivery - Dinga\u010d Skaramu\u010da\" \/>\n<meta property=\"og:description\" content=\"[vc_row css=&#8221;.vc_custom_1576860603016{padding-top: 50px !important;padding-right: 7% !important;padding-bottom: 140px !important;padding-left: 7% !important;background-color: #f2f2f2 !important;}&#8221;][vc_column][vc_single_image image=&#8221;4746&#8243; alignment=&#8221;center&#8221;][vc_empty_space height=&#8221;70px&#8221;][vc_empty_space height=&#8221;70px&#8221;][vc_column_text]After selecting a product, you can click on its details, find out all about it, take a better look at it, and decide to buy it, just click on the [&hellip;]\" \/>\n<meta property=\"og:url\" content=\"https:\/\/dingac-skaramuca.hr\/en\/ordering-and-delivery\/\" \/>\n<meta property=\"og:site_name\" content=\"Dinga\u010d Skaramu\u010da\" \/>\n<meta property=\"article:modified_time\" content=\"2020-03-03T09:48:56+00:00\" \/>\n<meta name=\"twitter:card\" content=\"summary_large_image\" \/>\n<meta name=\"twitter:label1\" content=\"Est. reading time\" \/>\n\t<meta name=\"twitter:data1\" content=\"3 minutes\" \/>\n<script type=\"application\/ld+json\" class=\"yoast-schema-graph\">{\"@context\":\"https:\/\/schema.org\",\"@graph\":[{\"@type\":\"WebPage\",\"@id\":\"https:\/\/dingac-skaramuca.hr\/en\/ordering-and-delivery\/\",\"url\":\"https:\/\/dingac-skaramuca.hr\/en\/ordering-and-delivery\/\",\"name\":\"Ordering and delivery - Dinga\u010d Skaramu\u010da\",\"isPartOf\":{\"@id\":\"https:\/\/dingac-skaramuca.hr\/en\/#website\"},\"datePublished\":\"2020-03-02T13:39:09+00:00\",\"dateModified\":\"2020-03-03T09:48:56+00:00\",\"breadcrumb\":{\"@id\":\"https:\/\/dingac-skaramuca.hr\/en\/ordering-and-delivery\/#breadcrumb\"},\"inLanguage\":\"en-US\",\"potentialAction\":[{\"@type\":\"ReadAction\",\"target\":[\"https:\/\/dingac-skaramuca.hr\/en\/ordering-and-delivery\/\"]}]},{\"@type\":\"BreadcrumbList\",\"@id\":\"https:\/\/dingac-skaramuca.hr\/en\/ordering-and-delivery\/#breadcrumb\",\"itemListElement\":[{\"@type\":\"ListItem\",\"position\":1,\"name\":\"Home\",\"item\":\"https:\/\/dingac-skaramuca.hr\/en\/\"},{\"@type\":\"ListItem\",\"position\":2,\"name\":\"Ordering and delivery\"}]},{\"@type\":\"WebSite\",\"@id\":\"https:\/\/dingac-skaramuca.hr\/en\/#website\",\"url\":\"https:\/\/dingac-skaramuca.hr\/en\/\",\"name\":\"Dinga\u010d Skaramu\u010da\",\"description\":\"Vina Skaramu\u010da\",\"potentialAction\":[{\"@type\":\"SearchAction\",\"target\":{\"@type\":\"EntryPoint\",\"urlTemplate\":\"https:\/\/dingac-skaramuca.hr\/en\/?s={search_term_string}\"},\"query-input\":{\"@type\":\"PropertyValueSpecification\",\"valueRequired\":true,\"valueName\":\"search_term_string\"}}],\"inLanguage\":\"en-US\"}]}<\/script>\n<!-- \/ Yoast SEO plugin. -->","yoast_head_json":{"title":"Ordering and delivery - Dinga\u010d Skaramu\u010da","robots":{"index":"index","follow":"follow","max-snippet":"max-snippet:-1","max-image-preview":"max-image-preview:large","max-video-preview":"max-video-preview:-1"},"canonical":"https:\/\/dingac-skaramuca.hr\/en\/ordering-and-delivery\/","og_locale":"en_US","og_type":"article","og_title":"Ordering and delivery - Dinga\u010d Skaramu\u010da","og_description":"[vc_row css=&#8221;.vc_custom_1576860603016{padding-top: 50px !important;padding-right: 7% !important;padding-bottom: 140px !important;padding-left: 7% !important;background-color: #f2f2f2 !important;}&#8221;][vc_column][vc_single_image image=&#8221;4746&#8243; alignment=&#8221;center&#8221;][vc_empty_space height=&#8221;70px&#8221;][vc_empty_space height=&#8221;70px&#8221;][vc_column_text]After selecting a product, you can click on its details, find out all about it, take a better look at it, and decide to buy it, just click on the [&hellip;]","og_url":"https:\/\/dingac-skaramuca.hr\/en\/ordering-and-delivery\/","og_site_name":"Dinga\u010d Skaramu\u010da","article_modified_time":"2020-03-03T09:48:56+00:00","twitter_card":"summary_large_image","twitter_misc":{"Est. reading time":"3 minutes"},"schema":{"@context":"https:\/\/schema.org","@graph":[{"@type":"WebPage","@id":"https:\/\/dingac-skaramuca.hr\/en\/ordering-and-delivery\/","url":"https:\/\/dingac-skaramuca.hr\/en\/ordering-and-delivery\/","name":"Ordering and delivery - Dinga\u010d Skaramu\u010da","isPartOf":{"@id":"https:\/\/dingac-skaramuca.hr\/en\/#website"},"datePublished":"2020-03-02T13:39:09+00:00","dateModified":"2020-03-03T09:48:56+00:00","breadcrumb":{"@id":"https:\/\/dingac-skaramuca.hr\/en\/ordering-and-delivery\/#breadcrumb"},"inLanguage":"en-US","potentialAction":[{"@type":"ReadAction","target":["https:\/\/dingac-skaramuca.hr\/en\/ordering-and-delivery\/"]}]},{"@type":"BreadcrumbList","@id":"https:\/\/dingac-skaramuca.hr\/en\/ordering-and-delivery\/#breadcrumb","itemListElement":[{"@type":"ListItem","position":1,"name":"Home","item":"https:\/\/dingac-skaramuca.hr\/en\/"},{"@type":"ListItem","position":2,"name":"Ordering and delivery"}]},{"@type":"WebSite","@id":"https:\/\/dingac-skaramuca.hr\/en\/#website","url":"https:\/\/dingac-skaramuca.hr\/en\/","name":"Dinga\u010d Skaramu\u010da","description":"Vina Skaramu\u010da","potentialAction":[{"@type":"SearchAction","target":{"@type":"EntryPoint","urlTemplate":"https:\/\/dingac-skaramuca.hr\/en\/?s={search_term_string}"},"query-input":{"@type":"PropertyValueSpecification","valueRequired":true,"valueName":"search_term_string"}}],"inLanguage":"en-US"}]}},"_links":{"self":[{"href":"https:\/\/dingac-skaramuca.hr\/en\/wp-json\/wp\/v2\/pages\/16696","targetHints":{"allow":["GET"]}}],"collection":[{"href":"https:\/\/dingac-skaramuca.hr\/en\/wp-json\/wp\/v2\/pages"}],"about":[{"href":"https:\/\/dingac-skaramuca.hr\/en\/wp-json\/wp\/v2\/types\/page"}],"author":[{"embeddable":true,"href":"https:\/\/dingac-skaramuca.hr\/en\/wp-json\/wp\/v2\/users\/352"}],"replies":[{"embeddable":true,"href":"https:\/\/dingac-skaramuca.hr\/en\/wp-json\/wp\/v2\/comments?post=16696"}],"version-history":[{"count":3,"href":"https:\/\/dingac-skaramuca.hr\/en\/wp-json\/wp\/v2\/pages\/16696\/revisions"}],"predecessor-version":[{"id":16779,"href":"https:\/\/dingac-skaramuca.hr\/en\/wp-json\/wp\/v2\/pages\/16696\/revisions\/16779"}],"wp:attachment":[{"href":"https:\/\/dingac-skaramuca.hr\/en\/wp-json\/wp\/v2\/media?parent=16696"}],"curies":[{"name":"wp","href":"https:\/\/api.w.org\/{rel}","templated":true}]}}