{"id":16694,"date":"2020-03-02T14:35:27","date_gmt":"2020-03-02T13:35:27","guid":{"rendered":"http:\/\/dingac-skaramuca.hr\/testing\/privacy-policy\/"},"modified":"2020-03-03T10:32:37","modified_gmt":"2020-03-03T09:32:37","slug":"privacy-policy","status":"publish","type":"page","link":"https:\/\/dingac-skaramuca.hr\/en\/privacy-policy\/","title":{"rendered":"Privacy Policy"},"content":{"rendered":"<p>[vc_row css=&#8221;.vc_custom_1576860603016{padding-top: 50px !important;padding-right: 7% !important;padding-bottom: 140px !important;padding-left: 7% !important;background-color: #f2f2f2 !important;}&#8221;][vc_column][vc_single_image image=&#8221;4746&#8243; alignment=&#8221;center&#8221;][vc_empty_space height=&#8221;70px&#8221;]<div class=\"eltdf-section-title-holder\" style=\"text-align: center\">\n\t\t\t<h2 class=\"eltdf-st-title\" >\n\t\t\t<span>PRIVACY POLICY<\/span>\n\t\t<\/h2>\n                    <div class=\"eltdf-st-separator clearfix\">\n                <div class=\"eltdf-separator\" ><\/div>\n            <\/div>\n        \t\t\t<\/div>[vc_empty_space height=&#8221;70px&#8221;][vc_column_text]Dinga\u010d &#8211; Skaramu\u010da d.o.o. undertakes to protect the personal data of customers by collecting only necessary, basic customer data necessary to fulfill our obligations; informs customers on how to use the information they collect, regularly gives customers the choice of using their information, including the ability to decide whether or not their name should be removed from the lists used for marketing campaigns. All customer information is strictly kept and is only available to employees who need it. All employees of Dinga\u010d &#8211; Skaramu\u010da d.o.o. and business partners are responsible for upholding principles and protecting privacy.[\/vc_column_text][vc_empty_space height=&#8221;70px&#8221;][\/vc_column][\/vc_row]<\/p>\n","protected":false},"excerpt":{"rendered":"<p>[vc_row css=&#8221;.vc_custom_1576860603016{padding-top: 50px !important;padding-right: 7% !important;padding-bottom: 140px !important;padding-left: 7% !important;background-color: #f2f2f2 !important;}&#8221;][vc_column][vc_single_image image=&#8221;4746&#8243; alignment=&#8221;center&#8221;][vc_empty_space height=&#8221;70px&#8221;][vc_empty_space height=&#8221;70px&#8221;][vc_column_text]Dinga\u010d &#8211; Skaramu\u010da d.o.o. undertakes to protect the personal data of customers by collecting only necessary, basic customer data necessary to fulfill our obligations; informs customers on how to use [&hellip;]<\/p>\n","protected":false},"author":352,"featured_media":0,"parent":0,"menu_order":0,"comment_status":"closed","ping_status":"closed","template":"full-width.php","meta":{"_monsterinsights_skip_tracking":false,"_monsterinsights_sitenote_active":false,"_monsterinsights_sitenote_note":"","_monsterinsights_sitenote_category":0,"footnotes":""},"class_list":["post-16694","page","type-page","status-publish","hentry"],"yoast_head":"<!-- This site is optimized with the Yoast SEO plugin v26.8 - https:\/\/yoast.com\/product\/yoast-seo-wordpress\/ -->\n<title>Privacy Policy - Dinga\u010d Skaramu\u010da<\/title>\n<meta name=\"robots\" content=\"index, follow, max-snippet:-1, max-image-preview:large, max-video-preview:-1\" \/>\n<link rel=\"canonical\" href=\"https:\/\/dingac-skaramuca.hr\/en\/privacy-policy\/\" \/>\n<meta property=\"og:locale\" content=\"en_US\" \/>\n<meta property=\"og:type\" content=\"article\" \/>\n<meta property=\"og:title\" content=\"Privacy Policy - Dinga\u010d Skaramu\u010da\" \/>\n<meta property=\"og:description\" content=\"[vc_row css=&#8221;.vc_custom_1576860603016{padding-top: 50px !important;padding-right: 7% !important;padding-bottom: 140px !important;padding-left: 7% !important;background-color: #f2f2f2 !important;}&#8221;][vc_column][vc_single_image image=&#8221;4746&#8243; alignment=&#8221;center&#8221;][vc_empty_space height=&#8221;70px&#8221;][vc_empty_space height=&#8221;70px&#8221;][vc_column_text]Dinga\u010d &#8211; Skaramu\u010da d.o.o. undertakes to protect the personal data of customers by collecting only necessary, basic customer data necessary to fulfill our obligations; informs customers on how to use [&hellip;]\" \/>\n<meta property=\"og:url\" content=\"https:\/\/dingac-skaramuca.hr\/en\/privacy-policy\/\" \/>\n<meta property=\"og:site_name\" content=\"Dinga\u010d Skaramu\u010da\" \/>\n<meta property=\"article:modified_time\" content=\"2020-03-03T09:32:37+00:00\" \/>\n<meta name=\"twitter:card\" content=\"summary_large_image\" \/>\n<meta name=\"twitter:label1\" content=\"Est. reading time\" \/>\n\t<meta name=\"twitter:data1\" content=\"1 minute\" \/>\n<script type=\"application\/ld+json\" class=\"yoast-schema-graph\">{\"@context\":\"https:\/\/schema.org\",\"@graph\":[{\"@type\":\"WebPage\",\"@id\":\"https:\/\/dingac-skaramuca.hr\/en\/privacy-policy\/\",\"url\":\"https:\/\/dingac-skaramuca.hr\/en\/privacy-policy\/\",\"name\":\"Privacy Policy - Dinga\u010d Skaramu\u010da\",\"isPartOf\":{\"@id\":\"https:\/\/dingac-skaramuca.hr\/en\/#website\"},\"datePublished\":\"2020-03-02T13:35:27+00:00\",\"dateModified\":\"2020-03-03T09:32:37+00:00\",\"breadcrumb\":{\"@id\":\"https:\/\/dingac-skaramuca.hr\/en\/privacy-policy\/#breadcrumb\"},\"inLanguage\":\"en-US\",\"potentialAction\":[{\"@type\":\"ReadAction\",\"target\":[\"https:\/\/dingac-skaramuca.hr\/en\/privacy-policy\/\"]}]},{\"@type\":\"BreadcrumbList\",\"@id\":\"https:\/\/dingac-skaramuca.hr\/en\/privacy-policy\/#breadcrumb\",\"itemListElement\":[{\"@type\":\"ListItem\",\"position\":1,\"name\":\"Home\",\"item\":\"https:\/\/dingac-skaramuca.hr\/en\/\"},{\"@type\":\"ListItem\",\"position\":2,\"name\":\"Privacy Policy\"}]},{\"@type\":\"WebSite\",\"@id\":\"https:\/\/dingac-skaramuca.hr\/en\/#website\",\"url\":\"https:\/\/dingac-skaramuca.hr\/en\/\",\"name\":\"Dinga\u010d Skaramu\u010da\",\"description\":\"Vina Skaramu\u010da\",\"potentialAction\":[{\"@type\":\"SearchAction\",\"target\":{\"@type\":\"EntryPoint\",\"urlTemplate\":\"https:\/\/dingac-skaramuca.hr\/en\/?s={search_term_string}\"},\"query-input\":{\"@type\":\"PropertyValueSpecification\",\"valueRequired\":true,\"valueName\":\"search_term_string\"}}],\"inLanguage\":\"en-US\"}]}<\/script>\n<!-- \/ Yoast SEO plugin. -->","yoast_head_json":{"title":"Privacy Policy - Dinga\u010d Skaramu\u010da","robots":{"index":"index","follow":"follow","max-snippet":"max-snippet:-1","max-image-preview":"max-image-preview:large","max-video-preview":"max-video-preview:-1"},"canonical":"https:\/\/dingac-skaramuca.hr\/en\/privacy-policy\/","og_locale":"en_US","og_type":"article","og_title":"Privacy Policy - Dinga\u010d Skaramu\u010da","og_description":"[vc_row css=&#8221;.vc_custom_1576860603016{padding-top: 50px !important;padding-right: 7% !important;padding-bottom: 140px !important;padding-left: 7% !important;background-color: #f2f2f2 !important;}&#8221;][vc_column][vc_single_image image=&#8221;4746&#8243; alignment=&#8221;center&#8221;][vc_empty_space height=&#8221;70px&#8221;][vc_empty_space height=&#8221;70px&#8221;][vc_column_text]Dinga\u010d &#8211; Skaramu\u010da d.o.o. undertakes to protect the personal data of customers by collecting only necessary, basic customer data necessary to fulfill our obligations; informs customers on how to use [&hellip;]","og_url":"https:\/\/dingac-skaramuca.hr\/en\/privacy-policy\/","og_site_name":"Dinga\u010d Skaramu\u010da","article_modified_time":"2020-03-03T09:32:37+00:00","twitter_card":"summary_large_image","twitter_misc":{"Est. reading time":"1 minute"},"schema":{"@context":"https:\/\/schema.org","@graph":[{"@type":"WebPage","@id":"https:\/\/dingac-skaramuca.hr\/en\/privacy-policy\/","url":"https:\/\/dingac-skaramuca.hr\/en\/privacy-policy\/","name":"Privacy Policy - Dinga\u010d Skaramu\u010da","isPartOf":{"@id":"https:\/\/dingac-skaramuca.hr\/en\/#website"},"datePublished":"2020-03-02T13:35:27+00:00","dateModified":"2020-03-03T09:32:37+00:00","breadcrumb":{"@id":"https:\/\/dingac-skaramuca.hr\/en\/privacy-policy\/#breadcrumb"},"inLanguage":"en-US","potentialAction":[{"@type":"ReadAction","target":["https:\/\/dingac-skaramuca.hr\/en\/privacy-policy\/"]}]},{"@type":"BreadcrumbList","@id":"https:\/\/dingac-skaramuca.hr\/en\/privacy-policy\/#breadcrumb","itemListElement":[{"@type":"ListItem","position":1,"name":"Home","item":"https:\/\/dingac-skaramuca.hr\/en\/"},{"@type":"ListItem","position":2,"name":"Privacy Policy"}]},{"@type":"WebSite","@id":"https:\/\/dingac-skaramuca.hr\/en\/#website","url":"https:\/\/dingac-skaramuca.hr\/en\/","name":"Dinga\u010d Skaramu\u010da","description":"Vina Skaramu\u010da","potentialAction":[{"@type":"SearchAction","target":{"@type":"EntryPoint","urlTemplate":"https:\/\/dingac-skaramuca.hr\/en\/?s={search_term_string}"},"query-input":{"@type":"PropertyValueSpecification","valueRequired":true,"valueName":"search_term_string"}}],"inLanguage":"en-US"}]}},"_links":{"self":[{"href":"https:\/\/dingac-skaramuca.hr\/en\/wp-json\/wp\/v2\/pages\/16694","targetHints":{"allow":["GET"]}}],"collection":[{"href":"https:\/\/dingac-skaramuca.hr\/en\/wp-json\/wp\/v2\/pages"}],"about":[{"href":"https:\/\/dingac-skaramuca.hr\/en\/wp-json\/wp\/v2\/types\/page"}],"author":[{"embeddable":true,"href":"https:\/\/dingac-skaramuca.hr\/en\/wp-json\/wp\/v2\/users\/352"}],"replies":[{"embeddable":true,"href":"https:\/\/dingac-skaramuca.hr\/en\/wp-json\/wp\/v2\/comments?post=16694"}],"version-history":[{"count":3,"href":"https:\/\/dingac-skaramuca.hr\/en\/wp-json\/wp\/v2\/pages\/16694\/revisions"}],"predecessor-version":[{"id":16774,"href":"https:\/\/dingac-skaramuca.hr\/en\/wp-json\/wp\/v2\/pages\/16694\/revisions\/16774"}],"wp:attachment":[{"href":"https:\/\/dingac-skaramuca.hr\/en\/wp-json\/wp\/v2\/media?parent=16694"}],"curies":[{"name":"wp","href":"https:\/\/api.w.org\/{rel}","templated":true}]}}