{"id":16688,"date":"2020-03-02T14:13:27","date_gmt":"2020-03-02T13:13:27","guid":{"rendered":"http:\/\/dingac-skaramuca.hr\/testing\/contact\/"},"modified":"2020-03-16T19:03:13","modified_gmt":"2020-03-16T18:03:13","slug":"contact","status":"publish","type":"page","link":"https:\/\/dingac-skaramuca.hr\/en\/contact\/","title":{"rendered":"Contact"},"content":{"rendered":"<p>[vc_row css=&#8221;.vc_custom_1583155657143{padding-top: 50px !important;padding-right: 5% !important;padding-bottom: 140px !important;padding-left: 5% !important;background-color: #f2f2f2 !important;}&#8221; el_class=&#8221;light-contact&#8221;][vc_column][vc_single_image image=&#8221;7297&#8243; img_size=&#8221;full&#8221; alignment=&#8221;center&#8221;][vc_empty_space height=&#8221;30px&#8221;]<div class=\"eltdf-section-title-holder\" style=\"text-align: center\">\n\t\t\t<h2 class=\"eltdf-st-title\" >\n\t\t\t<span>CONTACT US<\/span>\n\t\t<\/h2>\n                    <div class=\"eltdf-st-separator clearfix\">\n                <div class=\"eltdf-separator\" ><\/div>\n            <\/div>\n        \t\t\t\t<h4 class=\"eltdf-st-subtitle\" >\n\t\t<span>We are at your disposal for all the necessary information<\/span>\n\t\t<\/h4>\n\t\t<\/div>[vc_empty_space height=&#8221;70px&#8221;]<div class=\"eltdf-elements-holder eltdf-responsive-mode-768\" ><div class=\"eltdf-eh-item \" data-item-class=\"eltdf-eh-custom-444465\" >\n\t<div class=\"eltdf-eh-item-inner\" >\n\t\t<div class=\"eltdf-eh-item-content eltdf-eh-custom-444465\" >\n\t\t\t\n<div class=\"wpcf7 no-js\" id=\"wpcf7-f16603-o1\" lang=\"en-US\" dir=\"ltr\" data-wpcf7-id=\"16603\">\n<div class=\"screen-reader-response\"><p role=\"status\" aria-live=\"polite\" aria-atomic=\"true\"><\/p> <ul><\/ul><\/div>\n<form action=\"\/en\/wp-json\/wp\/v2\/pages\/16688#wpcf7-f16603-o1\" method=\"post\" class=\"wpcf7-form init cf7_custom_style_3\" aria-label=\"Contact form\" novalidate=\"novalidate\" data-status=\"init\">\n<fieldset class=\"hidden-fields-container\"><input type=\"hidden\" name=\"_wpcf7\" value=\"16603\" \/><input type=\"hidden\" name=\"_wpcf7_version\" value=\"6.1.5\" \/><input type=\"hidden\" name=\"_wpcf7_locale\" value=\"en_US\" \/><input type=\"hidden\" name=\"_wpcf7_unit_tag\" value=\"wpcf7-f16603-o1\" \/><input type=\"hidden\" name=\"_wpcf7_container_post\" value=\"0\" \/><input type=\"hidden\" name=\"_wpcf7_posted_data_hash\" value=\"\" \/><input type=\"hidden\" name=\"_wpcf7_recaptcha_response\" value=\"\" \/>\n<\/fieldset>\n<div class=\"eltdf-two-columns-50-50 clearfix\">\n\t<div class=\"eltdf-two-columns-50-50-inner\">\n\t\t<div class=\"eltdf-column\">\n\t\t\t<div class=\"eltdf-column-inner\">\n\t\t\t\t<p><span class=\"wpcf7-form-control-wrap\" data-name=\"your-name\"><input size=\"40\" maxlength=\"400\" class=\"wpcf7-form-control wpcf7-text wpcf7-validates-as-required\" aria-required=\"true\" aria-invalid=\"false\" placeholder=\"First name and last name*\" value=\"\" type=\"text\" name=\"your-name\" \/><\/span>\n\t\t\t\t<\/p>\n\t\t\t<\/div>\n\t\t<\/div>\n\t\t<div class=\"eltdf-column\">\n\t\t\t<div class=\"eltdf-column-inner\">\n\t\t\t\t<p><span class=\"wpcf7-form-control-wrap\" data-name=\"your-mail\"><input size=\"40\" maxlength=\"400\" class=\"wpcf7-form-control wpcf7-email wpcf7-validates-as-required wpcf7-text wpcf7-validates-as-email\" aria-required=\"true\" aria-invalid=\"false\" placeholder=\"E-mail*\" value=\"\" type=\"email\" name=\"your-mail\" \/><\/span>\n\t\t\t\t<\/p>\n\t\t\t<\/div>\n\t\t<\/div>\n\t<\/div>\n<\/div>\n<div>\n\t<p><span class=\"wpcf7-form-control-wrap\" data-name=\"your-message\"><textarea cols=\"40\" rows=\"6\" maxlength=\"2000\" class=\"wpcf7-form-control wpcf7-textarea\" aria-invalid=\"false\" placeholder=\"Your message*\" name=\"your-message\"><\/textarea><\/span>\n\t<\/p>\n<\/div>\n<div class=\"bijelo\">\n\t<p><span class=\"wpcf7-form-control-wrap\" data-name=\"gdpr-acceptance\"><span class=\"wpcf7-form-control wpcf7-acceptance\"><span class=\"wpcf7-list-item\"><label><input type=\"checkbox\" name=\"gdpr-acceptance\" value=\"1\" aria-invalid=\"false\" \/><span class=\"wpcf7-list-item-label\">Please tick to consent to your data being stored in line with the guidelines set out in our <a class=\"podcrtaj\" href=\"https:\/\/dingac-skaramuca.hr\/en\/privacy-policy\/\" target=\"_blank\">privacy policy<\/a><\/span><\/label><\/span><\/span><\/span>\n\t<\/p>\n<\/div>\n<div>\n\t<p><input class=\"wpcf7-form-control wpcf7-submit has-spinner\" type=\"submit\" value=\"SEND\" \/>\n\t<\/p>\n<\/div><div class=\"wpcf7-response-output\" aria-hidden=\"true\"><\/div>\n<\/form>\n<\/div>\n\t\t<\/div>\n\t<\/div>\n\t<\/div><\/div>[\/vc_column][\/vc_row][vc_row css=&#8221;.vc_custom_1577737036422{padding-top: 145px !important;padding-right: 10% !important;padding-bottom: 140px !important;padding-left: 10% !important;background-image: url(http:\/\/dingac-skaramuca.hr\/wp-content\/uploads\/2017\/04\/h4-img-6.jpg?id=9882) !important;background-position: center !important;background-repeat: no-repeat !important;background-size: cover !important;}&#8221;][vc_column][vc_row_inner][vc_column_inner width=&#8221;1\/2&#8243;]<div class=\"eltdf-section-title-holder\" style=\"text-align: left\">\n\t\t\t<h3 class=\"eltdf-st-title\" style=\"color: #ffffff\">\n\t\t\t<span>Dinga\u010d - Skaramu\u010da d.o.o.<\/span>\n\t\t<\/h3>\n                    <div class=\"eltdf-st-separator clearfix\">\n                <div class=\"eltdf-separator\" ><\/div>\n            <\/div>\n        \t\t\t<\/div>[vc_column_text]<\/p>\n<div class=\"bijelo\"><i class=\"fa fa-map-marker\" aria-hidden=\"true\"><\/i> Pijavi\u010dino &#8211; 20244 Potomje &#8211; Pelje\u0161ac<br \/>\n<i class=\"fa fa-fax\" aria-hidden=\"true\"><\/i> <a href=\"tel:020742211\" target=\"_blank\" rel=\"noopener noreferrer\">020\/ 742 -211<\/a><br \/>\n<i class=\"fa fa-envelope\" aria-hidden=\"true\"><\/i> <a href=\"mailto:ivana@dingac-skaramuca.hr\" target=\"_blank\" rel=\"noopener noreferrer\">ivana@dingac-skaramuca.hr<\/a><br \/>\n<i class=\"fa fa-phone\" aria-hidden=\"true\"><\/i> Ivana An\u0111eli\u0107: <a href=\"tel:098257250\" target=\"_blank\" rel=\"noopener noreferrer\">098\/257-250<\/a><br \/>\n<i class=\"fa fa-phone\" aria-hidden=\"true\"><\/i> Igor Skaramu\u010da: <a href=\"tel:098737542\" target=\"_blank\" rel=\"noopener noreferrer\">098\/737-542<\/a><\/div>\n<p>[\/vc_column_text][vc_empty_space][\/vc_column_inner][vc_column_inner width=&#8221;1\/2&#8243;]<div class=\"eltdf-section-title-holder\" style=\"text-align: left\">\n\t\t\t<h3 class=\"eltdf-st-title\" style=\"color: #ffffff\">\n\t\t\t<span>Sales and export information<\/span>\n\t\t<\/h3>\n                    <div class=\"eltdf-st-separator clearfix\">\n                <div class=\"eltdf-separator\" ><\/div>\n            <\/div>\n        \t\t\t<\/div>[vc_column_text]<\/p>\n<div class=\"bijelo\"><i class=\"fa fa-phone\" aria-hidden=\"true\"><\/i> Branimir An\u0111eli\u0107: <a href=\"tel:0992092890\" target=\"_blank\" rel=\"noopener noreferrer\">099\/20-92-890<\/a><br \/>\n<i class=\"fa fa-envelope\" aria-hidden=\"true\"><\/i> <a href=\"mailto:branimir@dingac-skaramuca.hr\" target=\"_blank\" rel=\"noopener noreferrer\">branimir@dingac-skaramuca.hr<\/a><\/div>\n<p>[\/vc_column_text][\/vc_column_inner][\/vc_row_inner][\/vc_column][\/vc_row][vc_row][vc_column css=&#8221;.vc_custom_1577734347195{padding-top: 0px !important;}&#8221;][vc_gmaps link=&#8221;#E-8_JTNDaWZyYW1lJTIwc3JjJTNEJTIyaHR0cHMlM0ElMkYlMkZ3d3cuZ29vZ2xlLmNvbSUyRm1hcHMlMkZlbWJlZCUzRnBiJTNEJTIxMW0xOCUyMTFtMTIlMjExbTMlMjExZDQ2NzM2LjU1MzMxMzA0NTcxJTIxMmQxNy4zMzcyODQyOTE3NTgzNzYlMjEzZDQyLjkzNTM5NzgxMjg3NDA3JTIxMm0zJTIxMWYwJTIxMmYwJTIxM2YwJTIxM20yJTIxMWkxMDI0JTIxMmk3NjglMjE0ZjEzLjElMjEzbTMlMjExbTIlMjExczB4MTM0YmFkYzU1MGI3NGU3YiUyNTNBMHgyYjZhMmZmYTVhOTY4MGNiJTIxMnNQaWphdmklMjVDNCUyNThEaW5vJTIxNWUwJTIxM20yJTIxMXNociUyMTJzaHIlMjE0djE1Nzc3MzAwNDM0MzglMjE1bTIlMjExc2hyJTIxMnNociUyMiUyMHdpZHRoJTNEJTIyNjAwJTIyJTIwaGVpZ2h0JTNEJTIyNDUwJTIyJTIwZnJhbWVib3JkZXIlM0QlMjIwJTIyJTIwc3R5bGUlM0QlMjJib3JkZXIlM0EwJTNCJTIyJTIwYWxsb3dmdWxsc2NyZWVuJTNEJTIyJTIyJTNFJTNDJTJGaWZyYW1lJTNF&#8221;][\/vc_column][\/vc_row]<\/p>\n","protected":false},"excerpt":{"rendered":"<p>[vc_row css=&#8221;.vc_custom_1583155657143{padding-top: 50px !important;padding-right: 5% !important;padding-bottom: 140px !important;padding-left: 5% !important;background-color: #f2f2f2 !important;}&#8221; el_class=&#8221;light-contact&#8221;][vc_column][vc_single_image image=&#8221;7297&#8243; img_size=&#8221;full&#8221; alignment=&#8221;center&#8221;][vc_empty_space height=&#8221;30px&#8221;][vc_empty_space height=&#8221;70px&#8221;][\/vc_column][\/vc_row][vc_row css=&#8221;.vc_custom_1577737036422{padding-top: 145px !important;padding-right: 10% !important;padding-bottom: 140px !important;padding-left: 10% !important;background-image: url(http:\/\/dingac-skaramuca.hr\/wp-content\/uploads\/2017\/04\/h4-img-6.jpg?id=9882) !important;background-position: center !important;background-repeat: no-repeat !important;background-size: cover !important;}&#8221;][vc_column][vc_row_inner][vc_column_inner width=&#8221;1\/2&#8243;][vc_column_text] Pijavi\u010dino &#8211; 20244 Potomje &#8211; Pelje\u0161ac 020\/ 742 -211 [&hellip;]<\/p>\n","protected":false},"author":2,"featured_media":0,"parent":0,"menu_order":0,"comment_status":"closed","ping_status":"closed","template":"full-width.php","meta":{"_monsterinsights_skip_tracking":false,"_monsterinsights_sitenote_active":false,"_monsterinsights_sitenote_note":"","_monsterinsights_sitenote_category":0,"footnotes":""},"class_list":["post-16688","page","type-page","status-publish","hentry"],"yoast_head":"<!-- This site is optimized with the Yoast SEO plugin v26.8 - https:\/\/yoast.com\/product\/yoast-seo-wordpress\/ -->\n<title>Contact - Dinga\u010d Skaramu\u010da<\/title>\n<meta name=\"description\" content=\"Please don&#039;t hesitate to contact us if you have any questions, we will be happy to help. We are located in Pijavi\u010dino on Pelje\u0161ac peninsula.\" \/>\n<meta name=\"robots\" content=\"index, follow, max-snippet:-1, max-image-preview:large, max-video-preview:-1\" \/>\n<link rel=\"canonical\" href=\"https:\/\/dingac-skaramuca.hr\/en\/contact\/\" \/>\n<meta property=\"og:locale\" content=\"en_US\" \/>\n<meta property=\"og:type\" content=\"article\" \/>\n<meta property=\"og:title\" content=\"Contact - Dinga\u010d Skaramu\u010da\" \/>\n<meta property=\"og:description\" content=\"Please don&#039;t hesitate to contact us if you have any questions, we will be happy to help. We are located in Pijavi\u010dino on Pelje\u0161ac peninsula.\" \/>\n<meta property=\"og:url\" content=\"https:\/\/dingac-skaramuca.hr\/en\/contact\/\" \/>\n<meta property=\"og:site_name\" content=\"Dinga\u010d Skaramu\u010da\" \/>\n<meta property=\"article:modified_time\" content=\"2020-03-16T18:03:13+00:00\" \/>\n<meta name=\"twitter:card\" content=\"summary_large_image\" \/>\n<meta name=\"twitter:label1\" content=\"Est. reading time\" \/>\n\t<meta name=\"twitter:data1\" content=\"2 minutes\" \/>\n<script type=\"application\/ld+json\" class=\"yoast-schema-graph\">{\"@context\":\"https:\/\/schema.org\",\"@graph\":[{\"@type\":\"WebPage\",\"@id\":\"https:\/\/dingac-skaramuca.hr\/en\/contact\/\",\"url\":\"https:\/\/dingac-skaramuca.hr\/en\/contact\/\",\"name\":\"Contact - Dinga\u010d Skaramu\u010da\",\"isPartOf\":{\"@id\":\"https:\/\/dingac-skaramuca.hr\/en\/#website\"},\"datePublished\":\"2020-03-02T13:13:27+00:00\",\"dateModified\":\"2020-03-16T18:03:13+00:00\",\"description\":\"Please don't hesitate to contact us if you have any questions, we will be happy to help. We are located in Pijavi\u010dino on Pelje\u0161ac peninsula.\",\"breadcrumb\":{\"@id\":\"https:\/\/dingac-skaramuca.hr\/en\/contact\/#breadcrumb\"},\"inLanguage\":\"en-US\",\"potentialAction\":[{\"@type\":\"ReadAction\",\"target\":[\"https:\/\/dingac-skaramuca.hr\/en\/contact\/\"]}]},{\"@type\":\"BreadcrumbList\",\"@id\":\"https:\/\/dingac-skaramuca.hr\/en\/contact\/#breadcrumb\",\"itemListElement\":[{\"@type\":\"ListItem\",\"position\":1,\"name\":\"Home\",\"item\":\"https:\/\/dingac-skaramuca.hr\/en\/\"},{\"@type\":\"ListItem\",\"position\":2,\"name\":\"Contact\"}]},{\"@type\":\"WebSite\",\"@id\":\"https:\/\/dingac-skaramuca.hr\/en\/#website\",\"url\":\"https:\/\/dingac-skaramuca.hr\/en\/\",\"name\":\"Dinga\u010d Skaramu\u010da\",\"description\":\"Vina Skaramu\u010da\",\"potentialAction\":[{\"@type\":\"SearchAction\",\"target\":{\"@type\":\"EntryPoint\",\"urlTemplate\":\"https:\/\/dingac-skaramuca.hr\/en\/?s={search_term_string}\"},\"query-input\":{\"@type\":\"PropertyValueSpecification\",\"valueRequired\":true,\"valueName\":\"search_term_string\"}}],\"inLanguage\":\"en-US\"}]}<\/script>\n<!-- \/ Yoast SEO plugin. -->","yoast_head_json":{"title":"Contact - Dinga\u010d Skaramu\u010da","description":"Please don't hesitate to contact us if you have any questions, we will be happy to help. We are located in Pijavi\u010dino on Pelje\u0161ac peninsula.","robots":{"index":"index","follow":"follow","max-snippet":"max-snippet:-1","max-image-preview":"max-image-preview:large","max-video-preview":"max-video-preview:-1"},"canonical":"https:\/\/dingac-skaramuca.hr\/en\/contact\/","og_locale":"en_US","og_type":"article","og_title":"Contact - Dinga\u010d Skaramu\u010da","og_description":"Please don't hesitate to contact us if you have any questions, we will be happy to help. We are located in Pijavi\u010dino on Pelje\u0161ac peninsula.","og_url":"https:\/\/dingac-skaramuca.hr\/en\/contact\/","og_site_name":"Dinga\u010d Skaramu\u010da","article_modified_time":"2020-03-16T18:03:13+00:00","twitter_card":"summary_large_image","twitter_misc":{"Est. reading time":"2 minutes"},"schema":{"@context":"https:\/\/schema.org","@graph":[{"@type":"WebPage","@id":"https:\/\/dingac-skaramuca.hr\/en\/contact\/","url":"https:\/\/dingac-skaramuca.hr\/en\/contact\/","name":"Contact - Dinga\u010d Skaramu\u010da","isPartOf":{"@id":"https:\/\/dingac-skaramuca.hr\/en\/#website"},"datePublished":"2020-03-02T13:13:27+00:00","dateModified":"2020-03-16T18:03:13+00:00","description":"Please don't hesitate to contact us if you have any questions, we will be happy to help. We are located in Pijavi\u010dino on Pelje\u0161ac peninsula.","breadcrumb":{"@id":"https:\/\/dingac-skaramuca.hr\/en\/contact\/#breadcrumb"},"inLanguage":"en-US","potentialAction":[{"@type":"ReadAction","target":["https:\/\/dingac-skaramuca.hr\/en\/contact\/"]}]},{"@type":"BreadcrumbList","@id":"https:\/\/dingac-skaramuca.hr\/en\/contact\/#breadcrumb","itemListElement":[{"@type":"ListItem","position":1,"name":"Home","item":"https:\/\/dingac-skaramuca.hr\/en\/"},{"@type":"ListItem","position":2,"name":"Contact"}]},{"@type":"WebSite","@id":"https:\/\/dingac-skaramuca.hr\/en\/#website","url":"https:\/\/dingac-skaramuca.hr\/en\/","name":"Dinga\u010d Skaramu\u010da","description":"Vina Skaramu\u010da","potentialAction":[{"@type":"SearchAction","target":{"@type":"EntryPoint","urlTemplate":"https:\/\/dingac-skaramuca.hr\/en\/?s={search_term_string}"},"query-input":{"@type":"PropertyValueSpecification","valueRequired":true,"valueName":"search_term_string"}}],"inLanguage":"en-US"}]}},"_links":{"self":[{"href":"https:\/\/dingac-skaramuca.hr\/en\/wp-json\/wp\/v2\/pages\/16688","targetHints":{"allow":["GET"]}}],"collection":[{"href":"https:\/\/dingac-skaramuca.hr\/en\/wp-json\/wp\/v2\/pages"}],"about":[{"href":"https:\/\/dingac-skaramuca.hr\/en\/wp-json\/wp\/v2\/types\/page"}],"author":[{"embeddable":true,"href":"https:\/\/dingac-skaramuca.hr\/en\/wp-json\/wp\/v2\/users\/2"}],"replies":[{"embeddable":true,"href":"https:\/\/dingac-skaramuca.hr\/en\/wp-json\/wp\/v2\/comments?post=16688"}],"version-history":[{"count":4,"href":"https:\/\/dingac-skaramuca.hr\/en\/wp-json\/wp\/v2\/pages\/16688\/revisions"}],"predecessor-version":[{"id":16692,"href":"https:\/\/dingac-skaramuca.hr\/en\/wp-json\/wp\/v2\/pages\/16688\/revisions\/16692"}],"wp:attachment":[{"href":"https:\/\/dingac-skaramuca.hr\/en\/wp-json\/wp\/v2\/media?parent=16688"}],"curies":[{"name":"wp","href":"https:\/\/api.w.org\/{rel}","templated":true}]}}