{"id":16645,"date":"2020-03-02T11:49:57","date_gmt":"2020-03-02T10:49:57","guid":{"rendered":"http:\/\/dingac-skaramuca.hr\/testing\/wines\/dingac-elegance\/"},"modified":"2020-10-14T12:34:20","modified_gmt":"2020-10-14T10:34:20","slug":"dingac-elegance","status":"publish","type":"page","link":"https:\/\/dingac-skaramuca.hr\/en\/wines\/dingac-elegance\/","title":{"rendered":"Dinga\u010d Elegance"},"content":{"rendered":"<p>[vc_row][vc_column]<div class=\"eltdf-vertical-split-slider\"><div class=\"eltdf-vss-ms-left\"><div class=\"eltdf-vss-ms-section\"  style=\"background-image: url(https:\/\/dingac-skaramuca.hr\/wp-content\/uploads\/2020\/01\/skaramuca-elegance-dingac-2015-scaled.jpg);text-align: center\">\n\t<\/div><div class=\"eltdf-vss-ms-section\" data-header-style=\"light\" style=\"background-color: #c52f3d;text-align: left\">\n\t<div class=\"eltdf-elements-holder eltdf-responsive-mode-768\" ><div class=\"eltdf-eh-item \" data-item-class=\"eltdf-eh-custom-975327\" data-1280-1600=\"24px 20% 50px 20%\" data-1024-1280=\"0px 20% 22px 20%\" data-768-1024=\"12.5% 21% 0% 21%\" data-600-768=\"41% 20% 0%20%\" data-480-600=\"29% 5% 0px 5%\" data-480=\"29% 5% 0px 5%\" >\n\t<div class=\"eltdf-eh-item-inner\" >\n\t\t<div class=\"eltdf-eh-item-content eltdf-eh-custom-975327\" style=\"padding: 25px 20% 50px 20%\">\n\t\t\t[vc_column_text css=&#8221;.vc_custom_1579622684755{margin-bottom: -25px !important;padding-bottom: 6px !important;}&#8221;]<\/p>\n<h6><span class=\"bijelo\">Top quality wine Dinga\u010d Elegance<\/span><\/h6>\n<p>[\/vc_column_text][vc_column_text css=&#8221;.vc_custom_1577974444807{padding-bottom: 4px !important;}&#8221;]<\/p>\n<h3 class=\"bijelo\">Characteristics<\/h3>\n<p>[\/vc_column_text]<div class=\"eltdf-icon-list-holder\" >\n\t<div class=\"eltdf-il-icon-holder\">\n\t\t<i class=\"eltdf-icon-font-awesome fa fa-check-circle \" style=\"color: #f2f2f2;font-size: 20px\" ><\/i>\t<\/div>\n\t<p class=\"eltdf-il-text\" style=\"color: #ffffff;padding-left: 20px\"> TOP QUALITY WINE<\/p>\n<\/div><div class=\"eltdf-icon-list-holder\" >\n\t<div class=\"eltdf-il-icon-holder\">\n\t\t<i class=\"eltdf-icon-font-awesome fa fa-check-circle \" style=\"color: #f2f2f2;font-size: 20px\" ><\/i>\t<\/div>\n\t<p class=\"eltdf-il-text\" style=\"color: #ffffff;padding-left: 20px\"> VINEYARD OF PELJE\u0160 AC<\/p>\n<\/div><div class=\"eltdf-icon-list-holder\" >\n\t<div class=\"eltdf-il-icon-holder\">\n\t\t<i class=\"eltdf-icon-font-awesome fa fa-check-circle \" style=\"color: #f2f2f2;font-size: 20px\" ><\/i>\t<\/div>\n\t<p class=\"eltdf-il-text\" style=\"color: #ffffff;padding-left: 20px\"> PLAVAC MALI<\/p>\n<\/div><div class=\"eltdf-icon-list-holder\" >\n\t<div class=\"eltdf-il-icon-holder\">\n\t\t<i class=\"eltdf-icon-font-awesome fa fa-check-circle \" style=\"color: #f2f2f2;font-size: 20px\" ><\/i>\t<\/div>\n\t<p class=\"eltdf-il-text\" style=\"color: #ffffff;padding-left: 20px\"> BLACK DRY WINE<\/p>\n<\/div><div class=\"eltdf-icon-list-holder\" >\n\t<div class=\"eltdf-il-icon-holder\">\n\t\t<i class=\"eltdf-icon-font-awesome fa fa-check-circle \" style=\"color: #f2f2f2;font-size: 20px\" ><\/i>\t<\/div>\n\t<p class=\"eltdf-il-text\" style=\"color: #ffffff;padding-left: 20px\"> ALCOHOL 15 VOL%<\/p>\n<\/div><div class=\"eltdf-icon-list-holder\" >\n\t<div class=\"eltdf-il-icon-holder\">\n\t\t<i class=\"eltdf-icon-font-awesome fa fa-check-circle \" style=\"color: #f2f2f2;font-size: 20px\" ><\/i>\t<\/div>\n\t<p class=\"eltdf-il-text\" style=\"color: #ffffff;padding-left: 20px\"> 0,75 L<\/p>\n<\/div><div class=\"eltdf-icon-list-holder\" >\n\t<div class=\"eltdf-il-icon-holder\">\n\t\t<i class=\"eltdf-icon-font-awesome fa fa-check-circle \" style=\"color: #f2f2f2;font-size: 20px\" ><\/i>\t<\/div>\n\t<p class=\"eltdf-il-text\" style=\"color: #ffffff;padding-left: 20px\"> SERVING TEMPERATURE 18 \u00c2\u00b0C<\/p>\n<\/div><div class=\"eltdf-icon-list-holder\" >\n\t<div class=\"eltdf-il-icon-holder\">\n\t\t<i class=\"eltdf-icon-font-awesome fa fa-check-circle \" style=\"color: #f2f2f2;font-size: 20px\" ><\/i>\t<\/div>\n\t<p class=\"eltdf-il-text\" style=\"color: #ffffff;padding-left: 20px\"> HARVEST 2016.<\/p>\n<\/div>\t\t<\/div>\n\t<\/div>\n\t<\/div><\/div><\/div><div class=\"eltdf-vss-ms-section\"  style=\"background-image: url(https:\/\/dingac-skaramuca.hr\/wp-content\/uploads\/2020\/01\/dingac-elegance.jpeg);text-align: left\">\n\t<\/div><div class=\"eltdf-vss-ms-section\"  style=\"background-color: #c52f3d;text-align: left\">\n\t<div class=\"eltdf-elements-holder eltdf-responsive-mode-768\" ><div class=\"eltdf-eh-item \" data-item-class=\"eltdf-eh-custom-239695\" data-1280-1600=\"0px 20% 28px 20%\" data-1024-1280=\"0px 20% 20px 20%\" data-768-1024=\"19% 20% 0px 20%\" data-600-768=\"39% 20% 0px 20%\" data-480-600=\"16% 5% 0 5%\" data-480=\"16% 5% 0 5%\" >\n\t<div class=\"eltdf-eh-item-inner\" >\n\t\t<div class=\"eltdf-eh-item-content eltdf-eh-custom-239695\" style=\"padding: 25px 18% 50px 21%\">\n\t\t\t[vc_column_text css=&#8221;.vc_custom_1577975321974{margin-bottom: -25px !important;}&#8221;]<\/p>\n<h6><span class=\"bijelo\">Tasting notes<\/span><\/h6>\n<p>[\/vc_column_text][vc_empty_space height=&#8221;6px&#8221;][vc_column_text css=&#8221;.vc_custom_1579623605772{padding-bottom: 5px !important;}&#8221;]<\/p>\n<h3 class=\"bijelo\">Which dishes to pair up with Dinga\u010d Elegance?<\/h3>\n<p>[\/vc_column_text][vc_column_text]<\/p>\n<p class=\"bijelo\">It\u00e2\u20ac\u2122s ideally paired with delicious dark meat dishes or high quality fish.<br \/>\nServed up to 18\u00c2\u00baC.<\/p>\n<p>[\/vc_column_text][vc_empty_space height=&#8221;27px&#8221;][vc_single_image image=&#8221;7174&#8243;]\t\t<\/div>\n\t<\/div>\n\t<\/div><\/div><\/div><div class=\"eltdf-vss-ms-section\" data-header-style=\"light\" style=\"background-image: url(https:\/\/dingac-skaramuca.hr\/wp-content\/uploads\/2017\/03\/split-screen-img-7.jpg);text-align: left\">\n\t<div class=\"eltdf-elements-holder eltdf-responsive-mode-768\" ><div class=\"eltdf-eh-item \" data-item-class=\"eltdf-eh-custom-801251\" data-1280-1600=\"0px 15% 30px 15%\" data-1024-1280=\"20px 15% 0px 15%\" data-768-1024=\"4% 11% 0% 11%\" data-600-768=\"26% 11% 0% 11%\" data-480=\"2% 4% 5% 4%\" >\n\t<div class=\"eltdf-eh-item-inner\" >\n\t\t<div class=\"eltdf-eh-item-content eltdf-eh-custom-801251\" style=\"padding: 0 20% 30px 20%\">\n\t\t\t[vc_column_text]<\/p>\n<h3>CONTACT US<\/h3>\n<p>[\/vc_column_text][vc_empty_space height=&#8221;20px&#8221;]<div class=\"eltdf-icon-list-holder\" style=\"margin-bottom: 0px\">\n\t<div class=\"eltdf-il-icon-holder\">\n\t\t<i class=\"eltd-icon-dripicons dripicon dripicon-location \" style=\"font-size: 15px\" ><\/i>\t<\/div>\n\t<p class=\"eltdf-il-text\" style=\"color: #808080;font-size: 15px;padding-left: 20px\"> Pijavi\u010dino - 20244 Potomje - Pelje\u0161ac<\/p>\n<\/div>[vc_empty_space height=&#8221;1px&#8221;]<div class=\"eltdf-icon-list-holder\" style=\"margin-bottom: 0px\">\n\t<div class=\"eltdf-il-icon-holder\">\n\t\t<i class=\"eltd-icon-dripicons dripicon dripicon-information \" style=\"font-size: 15px\" ><\/i>\t<\/div>\n\t<p class=\"eltdf-il-text\" style=\"color: #808080;font-size: 15px;padding-left: 20px\"> We are at your disposal for all the necessary information<\/p>\n<\/div>[vc_empty_space]\n<div class=\"wpcf7 no-js\" id=\"wpcf7-f16629-o1\" lang=\"en-US\" dir=\"ltr\" data-wpcf7-id=\"16629\">\n<div class=\"screen-reader-response\"><p role=\"status\" aria-live=\"polite\" aria-atomic=\"true\"><\/p> <ul><\/ul><\/div>\n<form action=\"\/en\/wp-json\/wp\/v2\/pages\/16645#wpcf7-f16629-o1\" method=\"post\" class=\"wpcf7-form init cf7_custom_style_3\" aria-label=\"Contact form\" novalidate=\"novalidate\" data-status=\"init\">\n<fieldset class=\"hidden-fields-container\"><input type=\"hidden\" name=\"_wpcf7\" value=\"16629\" \/><input type=\"hidden\" name=\"_wpcf7_version\" value=\"6.1.5\" \/><input type=\"hidden\" name=\"_wpcf7_locale\" value=\"en_US\" \/><input type=\"hidden\" name=\"_wpcf7_unit_tag\" value=\"wpcf7-f16629-o1\" \/><input type=\"hidden\" name=\"_wpcf7_container_post\" value=\"0\" \/><input type=\"hidden\" name=\"_wpcf7_posted_data_hash\" value=\"\" \/><input type=\"hidden\" name=\"_wpcf7_recaptcha_response\" value=\"\" \/>\n<\/fieldset>\n<div class=\"eltdf-two-columns-50-50 clearfix\">\n\t<div class=\"eltdf-two-columns-50-50-inner\">\n\t\t<div class=\"eltdf-column\">\n\t\t\t<div class=\"eltdf-column-inner\">\n\t\t\t\t<p><span class=\"wpcf7-form-control-wrap\" data-name=\"your-name\"><input size=\"40\" maxlength=\"400\" class=\"wpcf7-form-control wpcf7-text wpcf7-validates-as-required\" aria-required=\"true\" aria-invalid=\"false\" placeholder=\"First name and last name*\" value=\"\" type=\"text\" name=\"your-name\" \/><\/span>\n\t\t\t\t<\/p>\n\t\t\t<\/div>\n\t\t<\/div>\n\t\t<div class=\"eltdf-column\">\n\t\t\t<div class=\"eltdf-column-inner\">\n\t\t\t\t<p><span class=\"wpcf7-form-control-wrap\" data-name=\"your-mail\"><input size=\"40\" maxlength=\"400\" class=\"wpcf7-form-control wpcf7-email wpcf7-validates-as-required wpcf7-text wpcf7-validates-as-email\" aria-required=\"true\" aria-invalid=\"false\" placeholder=\"E-mail*\" value=\"\" type=\"email\" name=\"your-mail\" \/><\/span>\n\t\t\t\t<\/p>\n\t\t\t<\/div>\n\t\t<\/div>\n\t<\/div>\n<\/div>\n<div>\n\t<p><span class=\"wpcf7-form-control-wrap\" data-name=\"your-message\"><textarea cols=\"40\" rows=\"6\" maxlength=\"2000\" class=\"wpcf7-form-control wpcf7-textarea\" aria-invalid=\"false\" placeholder=\"Your message*\" name=\"your-message\"><\/textarea><\/span>\n\t<\/p>\n<\/div>\n<div>\n\t<p><span class=\"wpcf7-form-control-wrap\" data-name=\"gdpr-acceptance\"><span class=\"wpcf7-form-control wpcf7-acceptance\"><span class=\"wpcf7-list-item\"><label><input type=\"checkbox\" name=\"gdpr-acceptance\" value=\"1\" aria-invalid=\"false\" \/><span class=\"wpcf7-list-item-label\">Please tick to consent to your data being stored in line with the guidelines set out in our <a class=\"podcrtaj\" href=\"https:\/\/dingac-skaramuca.hr\/en\/privacy-policy\/\" target=\"_blank\">privacy policy<\/a><\/span><\/label><\/span><\/span><\/span>\n\t<\/p>\n<\/div>\n<div>\n\t<p><input class=\"wpcf7-form-control wpcf7-submit has-spinner\" type=\"submit\" value=\"SEND\" \/>\n\t<\/p>\n<\/div><div class=\"wpcf7-response-output\" aria-hidden=\"true\"><\/div>\n<\/form>\n<\/div>\n\t\t<\/div>\n\t<\/div>\n\t<\/div><\/div><\/div><\/div><div class=\"eltdf-vss-ms-right\"><div class=\"eltdf-vss-ms-section\"  style=\"background-color: #f8f8f8;text-align: left\">\n\t<div class=\"eltdf-elements-holder eltdf-responsive-mode-768\" ><div class=\"eltdf-eh-item \" data-item-class=\"eltdf-eh-custom-318386\" data-1024-1280=\"0px 19% 26px 19%\" data-768-1024=\"19% 21% 0% 21%\" data-600-768=\"41% 20% 0% 20%\" data-480-600=\"31% 5% 0 5%\" data-480=\"31% 5% 0 5%\" >\n\t<div class=\"eltdf-eh-item-inner\" >\n\t\t<div class=\"eltdf-eh-item-content eltdf-eh-custom-318386\" style=\"padding: 55px 19% 80px 19%\">\n\t\t\t[vc_column_text css=&#8221;.vc_custom_1577815620902{margin-bottom: -25px !important;padding-bottom: 4px !important;}&#8221;]<\/p>\n<h6><span class=\"crvena\">Top quality wine<\/span><\/h6>\n<p>[\/vc_column_text][vc_column_text css=&#8221;.vc_custom_1579623248697{padding-bottom: 6px !important;}&#8221;]<\/p>\n<h3>Dinga\u010d Elegance<\/h3>\n<p>[\/vc_column_text][vc_column_text]On the occasion of the 25 years of the Skaramu\u010da winery, we have introduced a new line of Elegance wines, rich in taste and harmonious aroma, which in a special way represent the uniqueness and nature of the location from which the wines come.[\/vc_column_text][vc_empty_space height=&#8221;25px&#8221;]<a itemprop=\"url\" href=\"https:\/\/dingac-skaramuca.hr\/en\/product\/dingac-elegance\/\" target=\"_self\"  class=\"eltdf-btn eltdf-btn-medium eltdf-btn-outline\"  >\n    <span class=\"eltdf-btn-text\">ADD TO CART<\/span>\n    <\/a>\t\t<\/div>\n\t<\/div>\n\t<\/div><\/div><\/div><div class=\"eltdf-vss-ms-section\" data-header-style=\"light\" style=\"background-image: url(https:\/\/dingac-skaramuca.hr\/wp-content\/uploads\/2019\/12\/vinogradi-skaramu\u010da-vina-peljesac.jpg);text-align: left\">\n\t<\/div><div class=\"eltdf-vss-ms-section\"  style=\"background-color: #f8f8f8;text-align: left\">\n\t<div class=\"eltdf-elements-holder eltdf-responsive-mode-768\" ><div class=\"eltdf-eh-item eltdf-horizontal-alignment-center\" data-item-class=\"eltdf-eh-custom-428716\" data-1024-1280=\"15px 17% 0px 17%\" data-768-1024=\"21% 20% 0px 20%\" data-600-768=\"45% 20% 0px 20%\" data-480-600=\"31% 5% 0% 5%\" data-480=\"31% 5% 0% 5%\" >\n\t<div class=\"eltdf-eh-item-inner\" >\n\t\t<div class=\"eltdf-eh-item-content eltdf-eh-custom-428716\" style=\"padding: 65px 21% 50px 21%\">\n\t\t\t[vc_column_text css=&#8221;.vc_custom_1577969745144{margin-top: -25px !important;margin-bottom: -25px !important;}&#8221;]<\/p>\n<h6 class=\"crvena\">Tasting notes<\/h6>\n<p>[\/vc_column_text][vc_empty_space height=&#8221;15px&#8221;][vc_column_text css=&#8221;.vc_custom_1577974852370{margin-top: -10px !important;}&#8221;]<\/p>\n<h3>Tasting notes<\/h3>\n<p>[\/vc_column_text][vc_column_text css=&#8221;.vc_custom_1579623359313{margin-top: -1px !important;}&#8221;]<\/p>\n<h6><span class=\"sivo\">Dark ruby in color, with a distinct and subtle aroma, strong and rich in body, it is characterized by a full taste that lingers in the mouth for a long time.<br \/>\n<\/span><\/h6>\n<p>[\/vc_column_text][vc_empty_space height=&#8221;15px&#8221;][vc_single_image image=&#8221;7287&#8243; img_size=&#8221;full&#8221; alignment=&#8221;center&#8221;]\t\t<\/div>\n\t<\/div>\n\t<\/div><\/div><\/div><div class=\"eltdf-vss-ms-section\"  style=\"background-image: url(https:\/\/dingac-skaramuca.hr\/wp-content\/uploads\/2020\/01\/dingac-elegance-tasting.jpeg);text-align: center\">\n\t<\/div><div class=\"eltdf-vss-ms-section\" data-header-style=\"light\" style=\"background-image: url(https:\/\/dingac-skaramuca.hr\/wp-content\/uploads\/2020\/01\/dingac-elegance-kolekcija.jpg);text-align: left\">\n\t<\/div><\/div><\/div>[\/vc_column][\/vc_row]<\/p>\n","protected":false},"excerpt":{"rendered":"<p>[vc_row][vc_column][\/vc_column][\/vc_row]<\/p>\n","protected":false},"author":352,"featured_media":0,"parent":16619,"menu_order":0,"comment_status":"closed","ping_status":"closed","template":"full-width.php","meta":{"_monsterinsights_skip_tracking":false,"_monsterinsights_sitenote_active":false,"_monsterinsights_sitenote_note":"","_monsterinsights_sitenote_category":0,"footnotes":""},"class_list":["post-16645","page","type-page","status-publish","hentry"],"yoast_head":"<!-- This site is optimized with the Yoast SEO plugin v26.8 - https:\/\/yoast.com\/product\/yoast-seo-wordpress\/ -->\n<title>Dinga\u010d Elegance - Dinga\u010d Skaramu\u010da<\/title>\n<meta name=\"robots\" content=\"index, follow, max-snippet:-1, max-image-preview:large, max-video-preview:-1\" \/>\n<link rel=\"canonical\" href=\"https:\/\/dingac-skaramuca.hr\/en\/wines\/dingac-elegance\/\" \/>\n<meta property=\"og:locale\" content=\"en_US\" \/>\n<meta property=\"og:type\" content=\"article\" \/>\n<meta property=\"og:title\" content=\"Dinga\u010d Elegance - Dinga\u010d Skaramu\u010da\" \/>\n<meta property=\"og:description\" content=\"[vc_row][vc_column][\/vc_column][\/vc_row]\" \/>\n<meta property=\"og:url\" content=\"https:\/\/dingac-skaramuca.hr\/en\/wines\/dingac-elegance\/\" \/>\n<meta property=\"og:site_name\" content=\"Dinga\u010d Skaramu\u010da\" \/>\n<meta property=\"article:modified_time\" content=\"2020-10-14T10:34:20+00:00\" \/>\n<meta name=\"twitter:card\" content=\"summary_large_image\" \/>\n<meta name=\"twitter:label1\" content=\"Est. reading time\" \/>\n\t<meta name=\"twitter:data1\" content=\"5 minutes\" \/>\n<script type=\"application\/ld+json\" class=\"yoast-schema-graph\">{\"@context\":\"https:\/\/schema.org\",\"@graph\":[{\"@type\":\"WebPage\",\"@id\":\"https:\/\/dingac-skaramuca.hr\/en\/wines\/dingac-elegance\/\",\"url\":\"https:\/\/dingac-skaramuca.hr\/en\/wines\/dingac-elegance\/\",\"name\":\"Dinga\u010d Elegance - Dinga\u010d Skaramu\u010da\",\"isPartOf\":{\"@id\":\"https:\/\/dingac-skaramuca.hr\/en\/#website\"},\"datePublished\":\"2020-03-02T10:49:57+00:00\",\"dateModified\":\"2020-10-14T10:34:20+00:00\",\"breadcrumb\":{\"@id\":\"https:\/\/dingac-skaramuca.hr\/en\/wines\/dingac-elegance\/#breadcrumb\"},\"inLanguage\":\"en-US\",\"potentialAction\":[{\"@type\":\"ReadAction\",\"target\":[\"https:\/\/dingac-skaramuca.hr\/en\/wines\/dingac-elegance\/\"]}]},{\"@type\":\"BreadcrumbList\",\"@id\":\"https:\/\/dingac-skaramuca.hr\/en\/wines\/dingac-elegance\/#breadcrumb\",\"itemListElement\":[{\"@type\":\"ListItem\",\"position\":1,\"name\":\"Home\",\"item\":\"https:\/\/dingac-skaramuca.hr\/en\/\"},{\"@type\":\"ListItem\",\"position\":2,\"name\":\"Wines\",\"item\":\"https:\/\/dingac-skaramuca.hr\/en\/wines\/\"},{\"@type\":\"ListItem\",\"position\":3,\"name\":\"Dinga\u010d Elegance\"}]},{\"@type\":\"WebSite\",\"@id\":\"https:\/\/dingac-skaramuca.hr\/en\/#website\",\"url\":\"https:\/\/dingac-skaramuca.hr\/en\/\",\"name\":\"Dinga\u010d Skaramu\u010da\",\"description\":\"Vina Skaramu\u010da\",\"potentialAction\":[{\"@type\":\"SearchAction\",\"target\":{\"@type\":\"EntryPoint\",\"urlTemplate\":\"https:\/\/dingac-skaramuca.hr\/en\/?s={search_term_string}\"},\"query-input\":{\"@type\":\"PropertyValueSpecification\",\"valueRequired\":true,\"valueName\":\"search_term_string\"}}],\"inLanguage\":\"en-US\"}]}<\/script>\n<!-- \/ Yoast SEO plugin. -->","yoast_head_json":{"title":"Dinga\u010d Elegance - Dinga\u010d Skaramu\u010da","robots":{"index":"index","follow":"follow","max-snippet":"max-snippet:-1","max-image-preview":"max-image-preview:large","max-video-preview":"max-video-preview:-1"},"canonical":"https:\/\/dingac-skaramuca.hr\/en\/wines\/dingac-elegance\/","og_locale":"en_US","og_type":"article","og_title":"Dinga\u010d Elegance - Dinga\u010d Skaramu\u010da","og_description":"[vc_row][vc_column][\/vc_column][\/vc_row]","og_url":"https:\/\/dingac-skaramuca.hr\/en\/wines\/dingac-elegance\/","og_site_name":"Dinga\u010d Skaramu\u010da","article_modified_time":"2020-10-14T10:34:20+00:00","twitter_card":"summary_large_image","twitter_misc":{"Est. reading time":"5 minutes"},"schema":{"@context":"https:\/\/schema.org","@graph":[{"@type":"WebPage","@id":"https:\/\/dingac-skaramuca.hr\/en\/wines\/dingac-elegance\/","url":"https:\/\/dingac-skaramuca.hr\/en\/wines\/dingac-elegance\/","name":"Dinga\u010d Elegance - Dinga\u010d Skaramu\u010da","isPartOf":{"@id":"https:\/\/dingac-skaramuca.hr\/en\/#website"},"datePublished":"2020-03-02T10:49:57+00:00","dateModified":"2020-10-14T10:34:20+00:00","breadcrumb":{"@id":"https:\/\/dingac-skaramuca.hr\/en\/wines\/dingac-elegance\/#breadcrumb"},"inLanguage":"en-US","potentialAction":[{"@type":"ReadAction","target":["https:\/\/dingac-skaramuca.hr\/en\/wines\/dingac-elegance\/"]}]},{"@type":"BreadcrumbList","@id":"https:\/\/dingac-skaramuca.hr\/en\/wines\/dingac-elegance\/#breadcrumb","itemListElement":[{"@type":"ListItem","position":1,"name":"Home","item":"https:\/\/dingac-skaramuca.hr\/en\/"},{"@type":"ListItem","position":2,"name":"Wines","item":"https:\/\/dingac-skaramuca.hr\/en\/wines\/"},{"@type":"ListItem","position":3,"name":"Dinga\u010d Elegance"}]},{"@type":"WebSite","@id":"https:\/\/dingac-skaramuca.hr\/en\/#website","url":"https:\/\/dingac-skaramuca.hr\/en\/","name":"Dinga\u010d Skaramu\u010da","description":"Vina Skaramu\u010da","potentialAction":[{"@type":"SearchAction","target":{"@type":"EntryPoint","urlTemplate":"https:\/\/dingac-skaramuca.hr\/en\/?s={search_term_string}"},"query-input":{"@type":"PropertyValueSpecification","valueRequired":true,"valueName":"search_term_string"}}],"inLanguage":"en-US"}]}},"_links":{"self":[{"href":"https:\/\/dingac-skaramuca.hr\/en\/wp-json\/wp\/v2\/pages\/16645","targetHints":{"allow":["GET"]}}],"collection":[{"href":"https:\/\/dingac-skaramuca.hr\/en\/wp-json\/wp\/v2\/pages"}],"about":[{"href":"https:\/\/dingac-skaramuca.hr\/en\/wp-json\/wp\/v2\/types\/page"}],"author":[{"embeddable":true,"href":"https:\/\/dingac-skaramuca.hr\/en\/wp-json\/wp\/v2\/users\/352"}],"replies":[{"embeddable":true,"href":"https:\/\/dingac-skaramuca.hr\/en\/wp-json\/wp\/v2\/comments?post=16645"}],"version-history":[{"count":5,"href":"https:\/\/dingac-skaramuca.hr\/en\/wp-json\/wp\/v2\/pages\/16645\/revisions"}],"predecessor-version":[{"id":16647,"href":"https:\/\/dingac-skaramuca.hr\/en\/wp-json\/wp\/v2\/pages\/16645\/revisions\/16647"}],"up":[{"embeddable":true,"href":"https:\/\/dingac-skaramuca.hr\/en\/wp-json\/wp\/v2\/pages\/16619"}],"wp:attachment":[{"href":"https:\/\/dingac-skaramuca.hr\/en\/wp-json\/wp\/v2\/media?parent=16645"}],"curies":[{"name":"wp","href":"https:\/\/api.w.org\/{rel}","templated":true}]}}