{"id":16617,"date":"2020-03-02T09:21:12","date_gmt":"2020-03-02T08:21:12","guid":{"rendered":"http:\/\/dingac-skaramuca.hr\/testing\/about-peljesac\/"},"modified":"2020-03-16T19:00:46","modified_gmt":"2020-03-16T18:00:46","slug":"about-peljesac","status":"publish","type":"page","link":"https:\/\/dingac-skaramuca.hr\/en\/about-peljesac\/","title":{"rendered":"About Pelje\u0161ac"},"content":{"rendered":"<p>[vc_row row_content_width=&#8221;grid&#8221; css=&#8221;.vc_custom_1490185890484{padding-top: 118px !important;padding-bottom: 70px !important;}&#8221;][vc_column offset=&#8221;vc_col-lg-12 vc_col-md-12&#8243;]<div class=\"eltdf-section-title-holder\" style=\"text-align: center\">\n\t\t\t<h2 class=\"eltdf-st-title\" >\n\t\t\t<span>Pelje\u0161ac Peninsula<\/span>\n\t\t<\/h2>\n                    <div class=\"eltdf-st-separator clearfix\">\n                <div class=\"eltdf-separator\" ><\/div>\n            <\/div>\n        \t\t\t\t<h4 class=\"eltdf-st-subtitle\" >\n\t\t<span>PLACE WHERE IS NATURE - REALLY NATURE<\/span>\n\t\t<\/h4>\n\t\t<\/div>[\/vc_column][\/vc_row][vc_row row_content_width=&#8221;grid&#8221; css=&#8221;.vc_custom_1578074467208{padding-top: 50px !important;padding-bottom: 0px !important;}&#8221; el_class=&#8221;reverse-row&#8221;][vc_column offset=&#8221;vc_col-lg-6 vc_col-md-12&#8243;][vc_single_image image=&#8221;14316&#8243; img_size=&#8221;full&#8221; css_animation=&#8221;none&#8221;][vc_empty_space height=&#8221;50px&#8221;][\/vc_column][vc_column offset=&#8221;vc_col-lg-6 vc_col-md-12&#8243;][vc_single_image image=&#8221;7287&#8243; img_size=&#8221;full&#8221; alignment=&#8221;center&#8221;][vc_empty_space height=&#8221;50px&#8221;][vc_column_text]<\/p>\n<p>Peljesac, a peninsula in southern Dalmatia, extends parallel to the Adriatic coast and stretches between Neretva in the north and the Bay of Mali Ston in the east (between which there is the so-called Little Sea), and Mljet in the south and the Pelje\u0161ac Channel in the west. Peljesac is the largest Adriatic peninsula after Istria.<\/p>\n<p>It is 65 km long and covers 348 square km of the surface. It is separated from the mainland by a 1450 m narrow Ston overhang, which separates the Maloston and Ston Channel, in fact, the bays which are named after the canals because they are deeply cut into the mainland. Fertile valleys and rocky hills alternate on the peninsula, with the highest peak being St. Elijah &#8211; 961 m above sea level. Pelje\u0161ac is full of many islands and islets.<\/p>\n<p>[\/vc_column_text][\/vc_column][\/vc_row][vc_row row_content_width=&#8221;grid&#8221; css=&#8221;.vc_custom_1578074501197{padding-bottom: 70px !important;}&#8221; el_class=&#8221;reverse-row&#8221;][vc_column offset=&#8221;vc_col-lg-6 vc_col-md-12&#8243;][vc_empty_space height=&#8221;50px&#8221;][vc_column_text]It is located within the Mediterranean climate zone. The northeastern parts of the peninsula are cold and dry under the influence of the north wind, and the southwestern parts are warmer and wetter due to the south wind. The average temperature is 7 \u00c2\u00b0 C in January and 26 \u00c2\u00b0 C in July.<\/p>\n<p>It belongs administratively to the Dubrovnik-Neretva County, with the headquarters of the municipalities in Orebi\u0107, Ston, Trpanj and Janjina.<\/p>\n<p>It is populated by around 9000 inhabitants, mainly engaged in viticulture, olive growing, fishing and tourism. By road, it is connected to the mainland and main highway along the coast from Ston. It has ferry connections with Plo\u010de (from Trpanj), Kor\u010dula (from Orebi\u0107) and Mljet (from Prapratno).<br \/>\n[\/vc_column_text][vc_empty_space height=&#8221;50px&#8221;][vc_single_image image=&#8221;7287&#8243; img_size=&#8221;full&#8221; alignment=&#8221;center&#8221;][\/vc_column][vc_column offset=&#8221;vc_col-lg-6 vc_col-md-12&#8243;][vc_single_image image=&#8221;14307&#8243; img_size=&#8221;full&#8221; alignment=&#8221;right&#8221;][vc_empty_space height=&#8221;50px&#8221;][\/vc_column][\/vc_row]<\/p>\n","protected":false},"excerpt":{"rendered":"<p>[vc_row row_content_width=&#8221;grid&#8221; css=&#8221;.vc_custom_1490185890484{padding-top: 118px !important;padding-bottom: 70px !important;}&#8221;][vc_column offset=&#8221;vc_col-lg-12 vc_col-md-12&#8243;][\/vc_column][\/vc_row][vc_row row_content_width=&#8221;grid&#8221; css=&#8221;.vc_custom_1578074467208{padding-top: 50px !important;padding-bottom: 0px !important;}&#8221; el_class=&#8221;reverse-row&#8221;][vc_column offset=&#8221;vc_col-lg-6 vc_col-md-12&#8243;][vc_single_image image=&#8221;14316&#8243; img_size=&#8221;full&#8221; css_animation=&#8221;none&#8221;][vc_empty_space height=&#8221;50px&#8221;][\/vc_column][vc_column offset=&#8221;vc_col-lg-6 vc_col-md-12&#8243;][vc_single_image image=&#8221;7287&#8243; img_size=&#8221;full&#8221; alignment=&#8221;center&#8221;][vc_empty_space height=&#8221;50px&#8221;][vc_column_text] Peljesac, a peninsula in southern Dalmatia, extends parallel to the Adriatic coast and stretches between Neretva in [&hellip;]<\/p>\n","protected":false},"author":2,"featured_media":0,"parent":0,"menu_order":0,"comment_status":"closed","ping_status":"closed","template":"full-width.php","meta":{"_monsterinsights_skip_tracking":false,"_monsterinsights_sitenote_active":false,"_monsterinsights_sitenote_note":"","_monsterinsights_sitenote_category":0,"footnotes":""},"class_list":["post-16617","page","type-page","status-publish","hentry"],"yoast_head":"<!-- This site is optimized with the Yoast SEO plugin v26.8 - https:\/\/yoast.com\/product\/yoast-seo-wordpress\/ -->\n<title>About Pelje\u0161ac - Dinga\u010d Skaramu\u010da<\/title>\n<meta name=\"robots\" content=\"index, follow, max-snippet:-1, max-image-preview:large, max-video-preview:-1\" \/>\n<link rel=\"canonical\" href=\"https:\/\/dingac-skaramuca.hr\/en\/about-peljesac\/\" \/>\n<meta property=\"og:locale\" content=\"en_US\" \/>\n<meta property=\"og:type\" content=\"article\" \/>\n<meta property=\"og:title\" content=\"About Pelje\u0161ac - Dinga\u010d Skaramu\u010da\" \/>\n<meta property=\"og:description\" content=\"[vc_row row_content_width=&#8221;grid&#8221; css=&#8221;.vc_custom_1490185890484{padding-top: 118px !important;padding-bottom: 70px !important;}&#8221;][vc_column offset=&#8221;vc_col-lg-12 vc_col-md-12&#8243;][\/vc_column][\/vc_row][vc_row row_content_width=&#8221;grid&#8221; css=&#8221;.vc_custom_1578074467208{padding-top: 50px !important;padding-bottom: 0px !important;}&#8221; el_class=&#8221;reverse-row&#8221;][vc_column offset=&#8221;vc_col-lg-6 vc_col-md-12&#8243;][vc_single_image image=&#8221;14316&#8243; img_size=&#8221;full&#8221; css_animation=&#8221;none&#8221;][vc_empty_space height=&#8221;50px&#8221;][\/vc_column][vc_column offset=&#8221;vc_col-lg-6 vc_col-md-12&#8243;][vc_single_image image=&#8221;7287&#8243; img_size=&#8221;full&#8221; alignment=&#8221;center&#8221;][vc_empty_space height=&#8221;50px&#8221;][vc_column_text] Peljesac, a peninsula in southern Dalmatia, extends parallel to the Adriatic coast and stretches between Neretva in [&hellip;]\" \/>\n<meta property=\"og:url\" content=\"https:\/\/dingac-skaramuca.hr\/en\/about-peljesac\/\" \/>\n<meta property=\"og:site_name\" content=\"Dinga\u010d Skaramu\u010da\" \/>\n<meta property=\"article:modified_time\" content=\"2020-03-16T18:00:46+00:00\" \/>\n<meta name=\"twitter:card\" content=\"summary_large_image\" \/>\n<meta name=\"twitter:label1\" content=\"Est. reading time\" \/>\n\t<meta name=\"twitter:data1\" content=\"2 minutes\" \/>\n<script type=\"application\/ld+json\" class=\"yoast-schema-graph\">{\"@context\":\"https:\/\/schema.org\",\"@graph\":[{\"@type\":\"WebPage\",\"@id\":\"https:\/\/dingac-skaramuca.hr\/en\/about-peljesac\/\",\"url\":\"https:\/\/dingac-skaramuca.hr\/en\/about-peljesac\/\",\"name\":\"About Pelje\u0161ac - Dinga\u010d Skaramu\u010da\",\"isPartOf\":{\"@id\":\"https:\/\/dingac-skaramuca.hr\/en\/#website\"},\"datePublished\":\"2020-03-02T08:21:12+00:00\",\"dateModified\":\"2020-03-16T18:00:46+00:00\",\"breadcrumb\":{\"@id\":\"https:\/\/dingac-skaramuca.hr\/en\/about-peljesac\/#breadcrumb\"},\"inLanguage\":\"en-US\",\"potentialAction\":[{\"@type\":\"ReadAction\",\"target\":[\"https:\/\/dingac-skaramuca.hr\/en\/about-peljesac\/\"]}]},{\"@type\":\"BreadcrumbList\",\"@id\":\"https:\/\/dingac-skaramuca.hr\/en\/about-peljesac\/#breadcrumb\",\"itemListElement\":[{\"@type\":\"ListItem\",\"position\":1,\"name\":\"Home\",\"item\":\"https:\/\/dingac-skaramuca.hr\/en\/\"},{\"@type\":\"ListItem\",\"position\":2,\"name\":\"About Pelje\u0161ac\"}]},{\"@type\":\"WebSite\",\"@id\":\"https:\/\/dingac-skaramuca.hr\/en\/#website\",\"url\":\"https:\/\/dingac-skaramuca.hr\/en\/\",\"name\":\"Dinga\u010d Skaramu\u010da\",\"description\":\"Vina Skaramu\u010da\",\"potentialAction\":[{\"@type\":\"SearchAction\",\"target\":{\"@type\":\"EntryPoint\",\"urlTemplate\":\"https:\/\/dingac-skaramuca.hr\/en\/?s={search_term_string}\"},\"query-input\":{\"@type\":\"PropertyValueSpecification\",\"valueRequired\":true,\"valueName\":\"search_term_string\"}}],\"inLanguage\":\"en-US\"}]}<\/script>\n<!-- \/ Yoast SEO plugin. -->","yoast_head_json":{"title":"About Pelje\u0161ac - Dinga\u010d Skaramu\u010da","robots":{"index":"index","follow":"follow","max-snippet":"max-snippet:-1","max-image-preview":"max-image-preview:large","max-video-preview":"max-video-preview:-1"},"canonical":"https:\/\/dingac-skaramuca.hr\/en\/about-peljesac\/","og_locale":"en_US","og_type":"article","og_title":"About Pelje\u0161ac - Dinga\u010d Skaramu\u010da","og_description":"[vc_row row_content_width=&#8221;grid&#8221; css=&#8221;.vc_custom_1490185890484{padding-top: 118px !important;padding-bottom: 70px !important;}&#8221;][vc_column offset=&#8221;vc_col-lg-12 vc_col-md-12&#8243;][\/vc_column][\/vc_row][vc_row row_content_width=&#8221;grid&#8221; css=&#8221;.vc_custom_1578074467208{padding-top: 50px !important;padding-bottom: 0px !important;}&#8221; el_class=&#8221;reverse-row&#8221;][vc_column offset=&#8221;vc_col-lg-6 vc_col-md-12&#8243;][vc_single_image image=&#8221;14316&#8243; img_size=&#8221;full&#8221; css_animation=&#8221;none&#8221;][vc_empty_space height=&#8221;50px&#8221;][\/vc_column][vc_column offset=&#8221;vc_col-lg-6 vc_col-md-12&#8243;][vc_single_image image=&#8221;7287&#8243; img_size=&#8221;full&#8221; alignment=&#8221;center&#8221;][vc_empty_space height=&#8221;50px&#8221;][vc_column_text] Peljesac, a peninsula in southern Dalmatia, extends parallel to the Adriatic coast and stretches between Neretva in [&hellip;]","og_url":"https:\/\/dingac-skaramuca.hr\/en\/about-peljesac\/","og_site_name":"Dinga\u010d Skaramu\u010da","article_modified_time":"2020-03-16T18:00:46+00:00","twitter_card":"summary_large_image","twitter_misc":{"Est. reading time":"2 minutes"},"schema":{"@context":"https:\/\/schema.org","@graph":[{"@type":"WebPage","@id":"https:\/\/dingac-skaramuca.hr\/en\/about-peljesac\/","url":"https:\/\/dingac-skaramuca.hr\/en\/about-peljesac\/","name":"About Pelje\u0161ac - Dinga\u010d Skaramu\u010da","isPartOf":{"@id":"https:\/\/dingac-skaramuca.hr\/en\/#website"},"datePublished":"2020-03-02T08:21:12+00:00","dateModified":"2020-03-16T18:00:46+00:00","breadcrumb":{"@id":"https:\/\/dingac-skaramuca.hr\/en\/about-peljesac\/#breadcrumb"},"inLanguage":"en-US","potentialAction":[{"@type":"ReadAction","target":["https:\/\/dingac-skaramuca.hr\/en\/about-peljesac\/"]}]},{"@type":"BreadcrumbList","@id":"https:\/\/dingac-skaramuca.hr\/en\/about-peljesac\/#breadcrumb","itemListElement":[{"@type":"ListItem","position":1,"name":"Home","item":"https:\/\/dingac-skaramuca.hr\/en\/"},{"@type":"ListItem","position":2,"name":"About Pelje\u0161ac"}]},{"@type":"WebSite","@id":"https:\/\/dingac-skaramuca.hr\/en\/#website","url":"https:\/\/dingac-skaramuca.hr\/en\/","name":"Dinga\u010d Skaramu\u010da","description":"Vina Skaramu\u010da","potentialAction":[{"@type":"SearchAction","target":{"@type":"EntryPoint","urlTemplate":"https:\/\/dingac-skaramuca.hr\/en\/?s={search_term_string}"},"query-input":{"@type":"PropertyValueSpecification","valueRequired":true,"valueName":"search_term_string"}}],"inLanguage":"en-US"}]}},"_links":{"self":[{"href":"https:\/\/dingac-skaramuca.hr\/en\/wp-json\/wp\/v2\/pages\/16617","targetHints":{"allow":["GET"]}}],"collection":[{"href":"https:\/\/dingac-skaramuca.hr\/en\/wp-json\/wp\/v2\/pages"}],"about":[{"href":"https:\/\/dingac-skaramuca.hr\/en\/wp-json\/wp\/v2\/types\/page"}],"author":[{"embeddable":true,"href":"https:\/\/dingac-skaramuca.hr\/en\/wp-json\/wp\/v2\/users\/2"}],"replies":[{"embeddable":true,"href":"https:\/\/dingac-skaramuca.hr\/en\/wp-json\/wp\/v2\/comments?post=16617"}],"version-history":[{"count":1,"href":"https:\/\/dingac-skaramuca.hr\/en\/wp-json\/wp\/v2\/pages\/16617\/revisions"}],"predecessor-version":[{"id":16618,"href":"https:\/\/dingac-skaramuca.hr\/en\/wp-json\/wp\/v2\/pages\/16617\/revisions\/16618"}],"wp:attachment":[{"href":"https:\/\/dingac-skaramuca.hr\/en\/wp-json\/wp\/v2\/media?parent=16617"}],"curies":[{"name":"wp","href":"https:\/\/api.w.org\/{rel}","templated":true}]}}